{"id":11409,"date":"2020-02-27T16:58:04","date_gmt":"2020-02-27T16:58:04","guid":{"rendered":"http:\/\/www.marocchallenge.eu\/concepto\/"},"modified":"2024-10-22T14:18:07","modified_gmt":"2024-10-22T14:18:07","slug":"concept","status":"publish","type":"page","link":"https:\/\/www.tunisiechallenge.com\/fr\/concept\/","title":{"rendered":"Concept"},"content":{"rendered":"<div class=\"fusion-fullwidth fullwidth-box fusion-builder-row-1 has-pattern-background has-mask-background hundred-percent-fullwidth non-hundred-percent-height-scrolling\" style=\"--link_color: #e52c12;--awb-border-radius-top-left:0px;--awb-border-radius-top-right:0px;--awb-border-radius-bottom-right:0px;--awb-border-radius-bottom-left:0px;--awb-padding-top:2em;--awb-padding-bottom:2em;--awb-flex-wrap:wrap;\" ><div class=\"fusion-builder-row fusion-row\"><div class=\"fusion-layout-column fusion_builder_column fusion-builder-column-0 fusion_builder_column_1_1 1_1 fusion-one-full fusion-column-first fusion-column-last\" style=\"--awb-bg-size:cover;\"><div class=\"fusion-column-wrapper fusion-column-has-shadow fusion-flex-column-wrapper-legacy\"><div class=\"fusion-title title fusion-title-1 fusion-sep-none fusion-title-text fusion-title-size-one\" style=\"--awb-margin-top-small:0px;--awb-margin-right-small:0px;--awb-margin-bottom-small:30px;--awb-margin-left-small:0px;\"><h1 class=\"fusion-title-heading title-heading-left fusion-responsive-typography-calculated\" style=\"margin:0;--fontSize:38;line-height:1.4;\"><strong>Concept<\/strong><\/h1><\/div><div class=\"fusion-clearfix\"><\/div><\/div><\/div><div class=\"fusion-layout-column fusion_builder_column fusion-builder-column-1 fusion_builder_column_1_1 1_1 fusion-one-full fusion-column-first fusion-column-last content-page\" style=\"--awb-bg-size:cover;\"><div class=\"fusion-column-wrapper fusion-column-has-shadow fusion-flex-column-wrapper-legacy\"><div class=\"fusion-image-element fusion-image-align-center in-legacy-container\" style=\"text-align:center;--awb-caption-title-font-family:var(--h2_typography-font-family);--awb-caption-title-font-weight:var(--h2_typography-font-weight);--awb-caption-title-font-style:var(--h2_typography-font-style);--awb-caption-title-size:var(--h2_typography-font-size);--awb-caption-title-transform:var(--h2_typography-text-transform);--awb-caption-title-line-height:var(--h2_typography-line-height);--awb-caption-title-letter-spacing:var(--h2_typography-letter-spacing);\"><div class=\"imageframe-align-center\"><span class=\" fusion-imageframe imageframe-none imageframe-1 hover-type-none\"><img decoding=\"async\" width=\"2560\" height=\"1024\" alt=\"Rui Cabaco dans un briefing avant une \u00e9tape\" title=\"Todos los derechos reservados\" src=\"https:\/\/www.tunisiechallenge.com\/wp-content\/uploads\/2020\/02\/K22-22904-scaled.jpg\" class=\"img-responsive wp-image-19341\" srcset=\"https:\/\/www.tunisiechallenge.com\/wp-content\/uploads\/2020\/02\/K22-22904-200x80.jpg 200w, https:\/\/www.tunisiechallenge.com\/wp-content\/uploads\/2020\/02\/K22-22904-400x160.jpg 400w, https:\/\/www.tunisiechallenge.com\/wp-content\/uploads\/2020\/02\/K22-22904-600x240.jpg 600w, https:\/\/www.tunisiechallenge.com\/wp-content\/uploads\/2020\/02\/K22-22904-800x320.jpg 800w, https:\/\/www.tunisiechallenge.com\/wp-content\/uploads\/2020\/02\/K22-22904-1200x480.jpg 1200w, https:\/\/www.tunisiechallenge.com\/wp-content\/uploads\/2020\/02\/K22-22904-scaled.jpg 2560w\" sizes=\"(max-width: 1024px) 100vw, 1200px\" \/><\/span><\/div><\/div><div class=\"fusion-title title fusion-title-2 fusion-sep-none fusion-title-text fusion-title-size-two\" style=\"--awb-text-color:#333333;--awb-margin-top:0.5em;--awb-margin-top-small:0.2em;--awb-margin-right-small:0px;--awb-margin-left-small:0px;--awb-font-size:94px;\"><h2 class=\"fusion-title-heading title-heading-left fusion-responsive-typography-calculated\" style=\"font-family:&quot;Maroc Impact&quot;;font-style:normal;font-weight:400;margin:0;font-size:1em;--fontSize:94;line-height:1.02;\"><strong>LE DAKAR DES ANN\u00c9ES 70 POUR LES AVENTURIERS D`AUJOURD`HUI<\/strong><\/h2><\/div><div class=\"fusion-sep-clear\"><\/div><div class=\"fusion-separator fusion-clearfix\" style=\"float:left;margin-bottom:20px;width:100%;max-width:70%;\"><div class=\"fusion-separator-border sep-single sep-solid\" style=\"--awb-height:20px;--awb-amount:20px;--awb-sep-color:#e62e12;border-color:#e62e12;border-top-width:3px;\"><\/div><\/div><div class=\"fusion-sep-clear\"><\/div><div class=\"fusion-text fusion-text-1\"><p>Si vous lisez ces lignes, c\u2019est que vous avez sans doute r\u00eav\u00e9 un jour de vous lancer dans un rallye marathon tel que le Dakar ou l\u2019Africa Race !<\/p>\n<p>J\u2019ai toujours \u00e9t\u00e9 passionn\u00e9 par l\u2019univers de la m\u00e9canique et les premiers raids des ann\u00e9es 70 et 80\u00a0: des v\u00e9hicules peu pr\u00e9par\u00e9s, des pilotes novices, un continent myst\u00e9rieux, des moyens limit\u00e9s\u2026 C\u2019\u00e9tait cela, la v\u00e9ritable aventure ! Bien s\u00fbr, il est difficile de comparer ces \u00e9preuves \u00e0 celles d\u2019aujourd\u2019hui, car la pr\u00e9paration, les co\u00fbts et les exigences des premiers raids \u00e9taient d\u2019une tout autre envergure. Cependant, les fondements restent les m\u00eames, et je suis convaincu que nous relevons le m\u00eame d\u00e9fi, partageons les m\u00eames sensations et sommes anim\u00e9s par ce m\u00eame esprit d\u2019aventure.<\/p>\n<p>La Tunisie Challenge \u00e9merge comme un \u00e9v\u00e9nement jumeau du <a href=\"https:\/\/www.marocchallenge.com\/fr\/\">Maroc Challenge<\/a>. Il partage le principe d\u2019\u00eatre une \u00e9preuve ouverte \u00e0 tous, quel que soit le niveau de pr\u00e9paration du v\u00e9hicule ou l\u2019exp\u00e9rience des participants. Cet \u00e9v\u00e9nement offre \u00e9galement un environnement o\u00f9 la camaraderie n\u2019entrave en aucun cas la comp\u00e9titivit\u00e9. \u00c0 vous, v\u00e9t\u00e9rans du Maroc Challenge, je vous invite \u00e0 nous rejoindre. Comme vous l\u2019avez sans doute constat\u00e9, chaque \u00e9dition au Maroc est unique, car les parcours, les \u00e9tapes, les rencontres et les exp\u00e9riences varient toujours. Avec la Tunisie Challenge, cependant, tout sera in\u00e9dit. Vous d\u00e9couvrirez un pays diff\u00e9rent o\u00f9 vous n\u2019aurez plus le confort de vos rep\u00e8res\u2026 Quant \u00e0 ceux qui envisagent de participer \u00e0 cette aventure pour la premi\u00e8re fois, je vous encourage \u00e0 franchir le pas. Non seulement l\u2019avantage de l\u2019exp\u00e9rience sera moins d\u00e9terminant, mais, comme je le dis souvent, c\u2019est une aventure o\u00f9 tout peut arriver.<\/p>\n<p>Cela dit, une chose est certaine : vous allez appr\u00e9cier, mais aussi souffrir, et cela ne se fera pas toujours dans des proportions \u00e9gales. Il y aura des instants o\u00f9 vous vous souviendrez de moi et de ces mots, et il se peut m\u00eame que vous regrettiez d\u2019avoir embarqu\u00e9 dans cette odyss\u00e9e. Cependant, quelques heures\u2026 ou peut-\u00eatre un jour plus tard, vous \u00e9prouverez une immense satisfaction d\u2019avoir fait partie de cette aventure.<\/p>\n<p>En r\u00e9alit\u00e9, je ne peux vous garantir qu\u2019une seule chose : la Tunisie sera une exp\u00e9rience unique.<\/p>\n<\/div><div class=\"fusion-title title fusion-title-3 fusion-sep-none fusion-title-text fusion-title-size-three\" style=\"--awb-text-color:#000000;--awb-margin-top-small:0px;--awb-margin-right-small:0px;--awb-margin-bottom-small:30px;--awb-margin-left-small:0px;--awb-font-size:36px;\"><h3 class=\"fusion-title-heading title-heading-left fusion-responsive-typography-calculated\" style=\"font-family:&quot;Maroc SourceSans Pro Bold&quot;;font-style:normal;font-weight:400;margin:0;font-size:1em;--fontSize:36;line-height:1.3;\"><strong class=\"bold-text-7\">Bienvenue !<\/strong><\/h3><\/div><div class=\"fusion-image-element in-legacy-container\" style=\"--awb-max-width:150px;--awb-caption-title-font-family:var(--h2_typography-font-family);--awb-caption-title-font-weight:var(--h2_typography-font-weight);--awb-caption-title-font-style:var(--h2_typography-font-style);--awb-caption-title-size:var(--h2_typography-font-size);--awb-caption-title-transform:var(--h2_typography-text-transform);--awb-caption-title-line-height:var(--h2_typography-line-height);--awb-caption-title-letter-spacing:var(--h2_typography-letter-spacing);\"><span class=\" fusion-imageframe imageframe-none imageframe-2 hover-type-none\"><img decoding=\"async\" width=\"863\" height=\"434\" alt=\"Signature de Rui Cabaco - BriefingMan Maroc Challenge\" title=\"5c2d03a12cc62814e1d51d0e_firma\" src=\"http:\/\/www.marocchallenge.eu\/wp-content\/uploads\/2020\/03\/5c2d03a12cc62814e1d51d0e_firma.png\" class=\"img-responsive wp-image-10955\" srcset=\"https:\/\/www.tunisiechallenge.com\/wp-content\/uploads\/2020\/03\/5c2d03a12cc62814e1d51d0e_firma-200x101.png 200w, https:\/\/www.tunisiechallenge.com\/wp-content\/uploads\/2020\/03\/5c2d03a12cc62814e1d51d0e_firma-400x201.png 400w, https:\/\/www.tunisiechallenge.com\/wp-content\/uploads\/2020\/03\/5c2d03a12cc62814e1d51d0e_firma-600x302.png 600w, https:\/\/www.tunisiechallenge.com\/wp-content\/uploads\/2020\/03\/5c2d03a12cc62814e1d51d0e_firma-800x402.png 800w, https:\/\/www.tunisiechallenge.com\/wp-content\/uploads\/2020\/03\/5c2d03a12cc62814e1d51d0e_firma.png 863w\" sizes=\"(max-width: 1024px) 100vw, 863px\" \/><\/span><\/div><div class=\"fusion-title title fusion-title-4 fusion-sep-none fusion-title-text fusion-title-size-four\" style=\"--awb-text-color:#000000;--awb-margin-top-small:0px;--awb-margin-right-small:0px;--awb-margin-bottom-small:30px;--awb-margin-left-small:0px;\"><h4 class=\"fusion-title-heading title-heading-left fusion-responsive-typography-calculated\" style=\"font-family:&quot;Maroc SourceSans Pro Regular&quot;;font-style:normal;font-weight:400;margin:0;--fontSize:20;--minFontSize:20;line-height:1.5;\">Rui Caba\u00e7o \u2014 BriefingMan<\/h4><\/div><a class=\"fb-icon-element-1 fb-icon-element fontawesome-icon fa-facebook fab circle-no fusion-text-flow fusion-link\" style=\"--awb-iconcolor:#e62e12;--awb-iconcolor-hover:#e62e12;--awb-circlecolor:#ffd547;--awb-font-size:41px;--awb-margin-right:20.5px;\" href=\"https:\/\/www.facebook.com\/MarocBriefingMan\/\" target=\"_blank\" aria-label=\"Link to https:\/\/www.facebook.com\/MarocBriefingMan\/\" rel=\"noopener noreferrer\"><\/a><div class=\"fusion-clearfix\"><\/div><\/div><\/div><\/div><\/div>\n","protected":false},"excerpt":{"rendered":"","protected":false},"author":5,"featured_media":1013,"parent":0,"menu_order":0,"comment_status":"closed","ping_status":"closed","template":"100-width.php","meta":{"footnotes":""},"class_list":["post-11409","page","type-page","status-publish","has-post-thumbnail","hentry"],"yoast_head":"<!-- This site is optimized with the Yoast SEO plugin v27.4 - https:\/\/yoast.com\/product\/yoast-seo-wordpress\/ -->\n<title>Tunisie Challenge - Concept - Bienvenus \u00e0 l\u2019esprit de la Maroc !<\/title>\n<meta name=\"description\" content=\"Si tu est en train de lire ces lignes, c\u2019est que tu as un jour r\u00eav\u00e9 de participer \u00e0 une grande \u00e9preuve marathon comme le Dakar ou la Africa Race !\" \/>\n<meta name=\"robots\" content=\"index, follow, max-snippet:-1, max-image-preview:large, max-video-preview:-1\" \/>\n<link rel=\"canonical\" href=\"https:\/\/www.tunisiechallenge.com\/fr\/concept\/\" \/>\n<meta property=\"og:locale\" content=\"fr_FR\" \/>\n<meta property=\"og:type\" content=\"article\" \/>\n<meta property=\"og:title\" content=\"Tunisie Challenge - Concept - Bienvenus \u00e0 l\u2019esprit de la Maroc !\" \/>\n<meta property=\"og:description\" content=\"Si tu est en train de lire ces lignes, c\u2019est que tu as un jour r\u00eav\u00e9 de participer \u00e0 une grande \u00e9preuve marathon comme le Dakar ou la Africa Race !\" \/>\n<meta property=\"og:url\" content=\"https:\/\/www.tunisiechallenge.com\/fr\/concept\/\" \/>\n<meta property=\"og:site_name\" content=\"Tunisie Challenge\" \/>\n<meta property=\"article:modified_time\" content=\"2024-10-22T14:18:07+00:00\" \/>\n<meta property=\"og:image\" content=\"https:\/\/www.tunisiechallenge.com\/wp-content\/uploads\/2020\/02\/KFOTO-753993.jpg\" \/>\n\t<meta property=\"og:image:width\" content=\"1680\" \/>\n\t<meta property=\"og:image:height\" content=\"945\" \/>\n\t<meta property=\"og:image:type\" content=\"image\/jpeg\" \/>\n<meta name=\"twitter:card\" content=\"summary_large_image\" \/>\n<meta name=\"twitter:label1\" content=\"Dur\u00e9e de lecture estim\u00e9e\" \/>\n\t<meta name=\"twitter:data1\" content=\"3 minutes\" \/>\n<script type=\"application\/ld+json\" class=\"yoast-schema-graph\">{\"@context\":\"https:\\\/\\\/schema.org\",\"@graph\":[{\"@type\":\"WebPage\",\"@id\":\"https:\\\/\\\/www.tunisiechallenge.com\\\/fr\\\/concept\\\/\",\"url\":\"https:\\\/\\\/www.tunisiechallenge.com\\\/fr\\\/concept\\\/\",\"name\":\"Tunisie Challenge - Concept - Bienvenus \u00e0 l\u2019esprit de la Maroc !\",\"isPartOf\":{\"@id\":\"https:\\\/\\\/www.tunisiechallenge.com\\\/fr\\\/#website\"},\"primaryImageOfPage\":{\"@id\":\"https:\\\/\\\/www.tunisiechallenge.com\\\/fr\\\/concept\\\/#primaryimage\"},\"image\":{\"@id\":\"https:\\\/\\\/www.tunisiechallenge.com\\\/fr\\\/concept\\\/#primaryimage\"},\"thumbnailUrl\":\"https:\\\/\\\/www.tunisiechallenge.com\\\/wp-content\\\/uploads\\\/2020\\\/02\\\/KFOTO-753993.jpg\",\"datePublished\":\"2020-02-27T16:58:04+00:00\",\"dateModified\":\"2024-10-22T14:18:07+00:00\",\"description\":\"Si tu est en train de lire ces lignes, c\u2019est que tu as un jour r\u00eav\u00e9 de participer \u00e0 une grande \u00e9preuve marathon comme le Dakar ou la Africa Race !\",\"breadcrumb\":{\"@id\":\"https:\\\/\\\/www.tunisiechallenge.com\\\/fr\\\/concept\\\/#breadcrumb\"},\"inLanguage\":\"fr-FR\",\"potentialAction\":[{\"@type\":\"ReadAction\",\"target\":[\"https:\\\/\\\/www.tunisiechallenge.com\\\/fr\\\/concept\\\/\"]}]},{\"@type\":\"ImageObject\",\"inLanguage\":\"fr-FR\",\"@id\":\"https:\\\/\\\/www.tunisiechallenge.com\\\/fr\\\/concept\\\/#primaryimage\",\"url\":\"https:\\\/\\\/www.tunisiechallenge.com\\\/wp-content\\\/uploads\\\/2020\\\/02\\\/KFOTO-753993.jpg\",\"contentUrl\":\"https:\\\/\\\/www.tunisiechallenge.com\\\/wp-content\\\/uploads\\\/2020\\\/02\\\/KFOTO-753993.jpg\",\"width\":1680,\"height\":945,\"caption\":\"Rui Cabaco BriefingMan de la Maroc Challenge\"},{\"@type\":\"BreadcrumbList\",\"@id\":\"https:\\\/\\\/www.tunisiechallenge.com\\\/fr\\\/concept\\\/#breadcrumb\",\"itemListElement\":[{\"@type\":\"ListItem\",\"position\":1,\"name\":\"Portada\",\"item\":\"https:\\\/\\\/www.tunisiechallenge.com\\\/fr\\\/\"},{\"@type\":\"ListItem\",\"position\":2,\"name\":\"Concept\"}]},{\"@type\":\"WebSite\",\"@id\":\"https:\\\/\\\/www.tunisiechallenge.com\\\/fr\\\/#website\",\"url\":\"https:\\\/\\\/www.tunisiechallenge.com\\\/fr\\\/\",\"name\":\"Tunisie Challenge\",\"description\":\"Le Dakar des ann\u00e9es 70 pour les aventuriers d\u2019aujourd\u2019hui\",\"publisher\":{\"@id\":\"https:\\\/\\\/www.tunisiechallenge.com\\\/fr\\\/#organization\"},\"potentialAction\":[{\"@type\":\"SearchAction\",\"target\":{\"@type\":\"EntryPoint\",\"urlTemplate\":\"https:\\\/\\\/www.tunisiechallenge.com\\\/fr\\\/?s={search_term_string}\"},\"query-input\":{\"@type\":\"PropertyValueSpecification\",\"valueRequired\":true,\"valueName\":\"search_term_string\"}}],\"inLanguage\":\"fr-FR\"},{\"@type\":\"Organization\",\"@id\":\"https:\\\/\\\/www.tunisiechallenge.com\\\/fr\\\/#organization\",\"name\":\"TUNISIE CHALLENGE\",\"url\":\"https:\\\/\\\/www.tunisiechallenge.com\\\/fr\\\/\",\"logo\":{\"@type\":\"ImageObject\",\"inLanguage\":\"fr-FR\",\"@id\":\"https:\\\/\\\/www.tunisiechallenge.com\\\/fr\\\/#\\\/schema\\\/logo\\\/image\\\/\",\"url\":\"https:\\\/\\\/www.tunisiechallenge.com\\\/wp-content\\\/uploads\\\/2021\\\/09\\\/Logo-Tunisie_Challenge.png\",\"contentUrl\":\"https:\\\/\\\/www.tunisiechallenge.com\\\/wp-content\\\/uploads\\\/2021\\\/09\\\/Logo-Tunisie_Challenge.png\",\"width\":170,\"height\":96,\"caption\":\"TUNISIE CHALLENGE\"},\"image\":{\"@id\":\"https:\\\/\\\/www.tunisiechallenge.com\\\/fr\\\/#\\\/schema\\\/logo\\\/image\\\/\"}}]}<\/script>\n<!-- \/ Yoast SEO plugin. -->","yoast_head_json":{"title":"Tunisie Challenge - Concept - Bienvenus \u00e0 l\u2019esprit de la Maroc !","description":"Si tu est en train de lire ces lignes, c\u2019est que tu as un jour r\u00eav\u00e9 de participer \u00e0 une grande \u00e9preuve marathon comme le Dakar ou la Africa Race !","robots":{"index":"index","follow":"follow","max-snippet":"max-snippet:-1","max-image-preview":"max-image-preview:large","max-video-preview":"max-video-preview:-1"},"canonical":"https:\/\/www.tunisiechallenge.com\/fr\/concept\/","og_locale":"fr_FR","og_type":"article","og_title":"Tunisie Challenge - Concept - Bienvenus \u00e0 l\u2019esprit de la Maroc !","og_description":"Si tu est en train de lire ces lignes, c\u2019est que tu as un jour r\u00eav\u00e9 de participer \u00e0 une grande \u00e9preuve marathon comme le Dakar ou la Africa Race !","og_url":"https:\/\/www.tunisiechallenge.com\/fr\/concept\/","og_site_name":"Tunisie Challenge","article_modified_time":"2024-10-22T14:18:07+00:00","og_image":[{"width":1680,"height":945,"url":"https:\/\/www.tunisiechallenge.com\/wp-content\/uploads\/2020\/02\/KFOTO-753993.jpg","type":"image\/jpeg"}],"twitter_card":"summary_large_image","twitter_misc":{"Dur\u00e9e de lecture estim\u00e9e":"3 minutes"},"schema":{"@context":"https:\/\/schema.org","@graph":[{"@type":"WebPage","@id":"https:\/\/www.tunisiechallenge.com\/fr\/concept\/","url":"https:\/\/www.tunisiechallenge.com\/fr\/concept\/","name":"Tunisie Challenge - Concept - Bienvenus \u00e0 l\u2019esprit de la Maroc !","isPartOf":{"@id":"https:\/\/www.tunisiechallenge.com\/fr\/#website"},"primaryImageOfPage":{"@id":"https:\/\/www.tunisiechallenge.com\/fr\/concept\/#primaryimage"},"image":{"@id":"https:\/\/www.tunisiechallenge.com\/fr\/concept\/#primaryimage"},"thumbnailUrl":"https:\/\/www.tunisiechallenge.com\/wp-content\/uploads\/2020\/02\/KFOTO-753993.jpg","datePublished":"2020-02-27T16:58:04+00:00","dateModified":"2024-10-22T14:18:07+00:00","description":"Si tu est en train de lire ces lignes, c\u2019est que tu as un jour r\u00eav\u00e9 de participer \u00e0 une grande \u00e9preuve marathon comme le Dakar ou la Africa Race !","breadcrumb":{"@id":"https:\/\/www.tunisiechallenge.com\/fr\/concept\/#breadcrumb"},"inLanguage":"fr-FR","potentialAction":[{"@type":"ReadAction","target":["https:\/\/www.tunisiechallenge.com\/fr\/concept\/"]}]},{"@type":"ImageObject","inLanguage":"fr-FR","@id":"https:\/\/www.tunisiechallenge.com\/fr\/concept\/#primaryimage","url":"https:\/\/www.tunisiechallenge.com\/wp-content\/uploads\/2020\/02\/KFOTO-753993.jpg","contentUrl":"https:\/\/www.tunisiechallenge.com\/wp-content\/uploads\/2020\/02\/KFOTO-753993.jpg","width":1680,"height":945,"caption":"Rui Cabaco BriefingMan de la Maroc Challenge"},{"@type":"BreadcrumbList","@id":"https:\/\/www.tunisiechallenge.com\/fr\/concept\/#breadcrumb","itemListElement":[{"@type":"ListItem","position":1,"name":"Portada","item":"https:\/\/www.tunisiechallenge.com\/fr\/"},{"@type":"ListItem","position":2,"name":"Concept"}]},{"@type":"WebSite","@id":"https:\/\/www.tunisiechallenge.com\/fr\/#website","url":"https:\/\/www.tunisiechallenge.com\/fr\/","name":"Tunisie Challenge","description":"Le Dakar des ann\u00e9es 70 pour les aventuriers d\u2019aujourd\u2019hui","publisher":{"@id":"https:\/\/www.tunisiechallenge.com\/fr\/#organization"},"potentialAction":[{"@type":"SearchAction","target":{"@type":"EntryPoint","urlTemplate":"https:\/\/www.tunisiechallenge.com\/fr\/?s={search_term_string}"},"query-input":{"@type":"PropertyValueSpecification","valueRequired":true,"valueName":"search_term_string"}}],"inLanguage":"fr-FR"},{"@type":"Organization","@id":"https:\/\/www.tunisiechallenge.com\/fr\/#organization","name":"TUNISIE CHALLENGE","url":"https:\/\/www.tunisiechallenge.com\/fr\/","logo":{"@type":"ImageObject","inLanguage":"fr-FR","@id":"https:\/\/www.tunisiechallenge.com\/fr\/#\/schema\/logo\/image\/","url":"https:\/\/www.tunisiechallenge.com\/wp-content\/uploads\/2021\/09\/Logo-Tunisie_Challenge.png","contentUrl":"https:\/\/www.tunisiechallenge.com\/wp-content\/uploads\/2021\/09\/Logo-Tunisie_Challenge.png","width":170,"height":96,"caption":"TUNISIE CHALLENGE"},"image":{"@id":"https:\/\/www.tunisiechallenge.com\/fr\/#\/schema\/logo\/image\/"}}]}},"_links":{"self":[{"href":"https:\/\/www.tunisiechallenge.com\/fr\/wp-json\/wp\/v2\/pages\/11409","targetHints":{"allow":["GET"]}}],"collection":[{"href":"https:\/\/www.tunisiechallenge.com\/fr\/wp-json\/wp\/v2\/pages"}],"about":[{"href":"https:\/\/www.tunisiechallenge.com\/fr\/wp-json\/wp\/v2\/types\/page"}],"author":[{"embeddable":true,"href":"https:\/\/www.tunisiechallenge.com\/fr\/wp-json\/wp\/v2\/users\/5"}],"replies":[{"embeddable":true,"href":"https:\/\/www.tunisiechallenge.com\/fr\/wp-json\/wp\/v2\/comments?post=11409"}],"version-history":[{"count":16,"href":"https:\/\/www.tunisiechallenge.com\/fr\/wp-json\/wp\/v2\/pages\/11409\/revisions"}],"predecessor-version":[{"id":22085,"href":"https:\/\/www.tunisiechallenge.com\/fr\/wp-json\/wp\/v2\/pages\/11409\/revisions\/22085"}],"wp:featuredmedia":[{"embeddable":true,"href":"https:\/\/www.tunisiechallenge.com\/fr\/wp-json\/wp\/v2\/media\/1013"}],"wp:attachment":[{"href":"https:\/\/www.tunisiechallenge.com\/fr\/wp-json\/wp\/v2\/media?parent=11409"}],"curies":[{"name":"wp","href":"https:\/\/api.w.org\/{rel}","templated":true}]}}