{"id":11410,"date":"2020-02-27T16:58:04","date_gmt":"2020-02-27T16:58:04","guid":{"rendered":"http:\/\/www.marocchallenge.eu\/concepto\/"},"modified":"2023-04-05T11:37:17","modified_gmt":"2023-04-05T11:37:17","slug":"concetto","status":"publish","type":"page","link":"https:\/\/www.tunisiechallenge.com\/it\/concetto\/","title":{"rendered":"Concetto"},"content":{"rendered":"<div class=\"fusion-fullwidth fullwidth-box fusion-builder-row-1 has-pattern-background has-mask-background hundred-percent-fullwidth non-hundred-percent-height-scrolling\" style=\"--link_color: #e52c12;--awb-border-radius-top-left:0px;--awb-border-radius-top-right:0px;--awb-border-radius-bottom-right:0px;--awb-border-radius-bottom-left:0px;--awb-padding-top:2em;--awb-padding-bottom:2em;--awb-flex-wrap:wrap;\" ><div class=\"fusion-builder-row fusion-row\"><div class=\"fusion-layout-column fusion_builder_column fusion-builder-column-0 fusion_builder_column_1_1 1_1 fusion-one-full fusion-column-first fusion-column-last\" style=\"--awb-bg-size:cover;\"><div class=\"fusion-column-wrapper fusion-column-has-shadow fusion-flex-column-wrapper-legacy\"><div class=\"fusion-title title fusion-title-1 fusion-sep-none fusion-title-text fusion-title-size-one\" style=\"--awb-margin-top-small:0px;--awb-margin-right-small:0px;--awb-margin-bottom-small:30px;--awb-margin-left-small:0px;\"><h1 class=\"fusion-title-heading title-heading-left fusion-responsive-typography-calculated\" style=\"margin:0;--fontSize:38;line-height:1.4;\"><strong>Concetto<\/strong><\/h1><\/div><div class=\"fusion-clearfix\"><\/div><\/div><\/div><div class=\"fusion-layout-column fusion_builder_column fusion-builder-column-1 fusion_builder_column_1_1 1_1 fusion-one-full fusion-column-first fusion-column-last content-page\" style=\"--awb-bg-size:cover;\"><div class=\"fusion-column-wrapper fusion-column-has-shadow fusion-flex-column-wrapper-legacy\"><div class=\"fusion-image-element fusion-image-align-center in-legacy-container\" style=\"text-align:center;--awb-caption-title-font-family:var(--h2_typography-font-family);--awb-caption-title-font-weight:var(--h2_typography-font-weight);--awb-caption-title-font-style:var(--h2_typography-font-style);--awb-caption-title-size:var(--h2_typography-font-size);--awb-caption-title-transform:var(--h2_typography-text-transform);--awb-caption-title-line-height:var(--h2_typography-line-height);--awb-caption-title-letter-spacing:var(--h2_typography-letter-spacing);\"><div class=\"imageframe-align-center\"><span class=\" fusion-imageframe imageframe-none imageframe-1 hover-type-none\"><img decoding=\"async\" width=\"2560\" height=\"1024\" alt=\"Rui Cabaco in un briefing prima di una tappa\" title=\"Todos los derechos reservados\" src=\"https:\/\/www.tunisiechallenge.com\/wp-content\/uploads\/2020\/02\/K22-22904-scaled.jpg\" class=\"img-responsive wp-image-19342\" srcset=\"https:\/\/www.tunisiechallenge.com\/wp-content\/uploads\/2020\/02\/K22-22904-200x80.jpg 200w, https:\/\/www.tunisiechallenge.com\/wp-content\/uploads\/2020\/02\/K22-22904-400x160.jpg 400w, https:\/\/www.tunisiechallenge.com\/wp-content\/uploads\/2020\/02\/K22-22904-600x240.jpg 600w, https:\/\/www.tunisiechallenge.com\/wp-content\/uploads\/2020\/02\/K22-22904-800x320.jpg 800w, https:\/\/www.tunisiechallenge.com\/wp-content\/uploads\/2020\/02\/K22-22904-1200x480.jpg 1200w, https:\/\/www.tunisiechallenge.com\/wp-content\/uploads\/2020\/02\/K22-22904-scaled.jpg 2560w\" sizes=\"(max-width: 1024px) 100vw, 1200px\" \/><\/span><\/div><\/div><div class=\"fusion-title title fusion-title-2 fusion-sep-none fusion-title-text fusion-title-size-two\" style=\"--awb-text-color:#333333;--awb-margin-top:0.5em;--awb-margin-top-small:0.2em;--awb-margin-right-small:0px;--awb-margin-left-small:0px;--awb-font-size:94px;\"><h2 class=\"fusion-title-heading title-heading-left fusion-responsive-typography-calculated\" style=\"font-family:&quot;Maroc Impact&quot;;font-style:normal;font-weight:400;margin:0;font-size:1em;--fontSize:94;line-height:1.02;\"><p><strong>LA DAKAR DEGLI ANNI 70 PERGLI<br \/>\nAVVENTUROSI DI\u00a0OGGI<\/strong><\/p><\/h2><\/div><div class=\"fusion-sep-clear\"><\/div><div class=\"fusion-separator fusion-clearfix\" style=\"float:left;margin-bottom:20px;width:100%;max-width:70%;\"><div class=\"fusion-separator-border sep-single sep-solid\" style=\"--awb-height:20px;--awb-amount:20px;--awb-sep-color:#e62e12;border-color:#e62e12;border-top-width:3px;\"><\/div><\/div><div class=\"fusion-sep-clear\"><\/div><div class=\"fusion-text fusion-text-1\"><p>Se stai leggendo queste righe significa che sognavi di partecipare ad una grande gara marathon come la Dakar o l\u2019Africa Race! Sono sempre stato innamorato del mondo dei motori e dei primi raid degli anni 70 e 80. Veicoli poco preparati, piloti senza troppa esperienza, un continente sconosciuto e veramente pochi mezzi. Quella si che era avventura. Quando ho pensato alla prima edizione della Maroc, era questo lo spirito che volevo trasmettere. \u00c8 evidente che non c\u2019\u00e8 confronto, la differenza di preparazione, costi e di quello che si esige da queste prove rispetto alla nostra \u00e8 abissale, ma sono sicuro che sentiamo la stessa sfida, proviamole stesse gioie e dolori e ci accompagna lo stesso spirito di avventura.<\/p>\n<p>Il Tunisie Challenge nasce come un evento gemello della <a href=\"https:\/\/www.marocchallenge.com\/it\/\">Maroc Challenge<\/a>. Condivide il fatto di essere una prova aperta, indipendentemente dalla preparazione del veicolo e l\u2019esperienza. E condivide con la Maroc anche l\u2019intenzione di divertirsi in un ambiente in cui regna la condivisione e non la competizione. Esorto tutti i veterani di Maroc Challenge ad accompagnarci. Anche se gi\u00e0 sapete che ogni edizione di Maroc \u00e8 unica, i percorsi, le tappe, la gente, le sensazioni e le esperienze sono sempre diverse. Stavolta sar\u00e0 tutto nuovo\u2026 Un Paese differente che vi far\u00e0 uscire dalla vostra zona di confort\u2026 Esorto anche tutti coloro che ci stanno pensando per la prima volta (e non solo perch\u00e9 stavolta l\u2019esperienza si noter\u00e0 meno\u2026) Come dico sempre, questa \u00e8 un\u2019avventura e pu\u00f2 succedere di tutto, per\u00f2 se c\u2019\u00e8 una cosa che vi posso assicurare \u00e8 che soffrirete e vi divertirete (non sempre al 50 e 50 per cento). Ci saranno momenti nei quali vi ricorderete di me e di questo testo, addirittura vi potreste pentire di esservi imbarcati in questa storia, per\u00f2 sicuramente qualche ora\u2026 o qualche giorno dopo vi sorprender\u00e0 l\u2019enorme soddisfazione di essere parte di questa avventura.<\/p>\n<p>In realt\u00e0, io vi posso solo garantire che la Tunisie sar\u00e0 un\u2019esperienza unica.<\/p>\n<\/div><div class=\"fusion-title title fusion-title-3 fusion-sep-none fusion-title-text fusion-title-size-three\" style=\"--awb-text-color:#000000;--awb-margin-top-small:0px;--awb-margin-right-small:0px;--awb-margin-bottom-small:30px;--awb-margin-left-small:0px;--awb-font-size:36px;\"><h3 class=\"fusion-title-heading title-heading-left fusion-responsive-typography-calculated\" style=\"font-family:&quot;Maroc SourceSans Pro Bold&quot;;font-style:normal;font-weight:400;margin:0;font-size:1em;--fontSize:36;line-height:1.3;\"><strong class=\"bold-text-7\">Benvenuti allo spirito Tunisie!<\/strong><\/h3><\/div><div class=\"fusion-image-element in-legacy-container\" style=\"--awb-max-width:150px;--awb-caption-title-font-family:var(--h2_typography-font-family);--awb-caption-title-font-weight:var(--h2_typography-font-weight);--awb-caption-title-font-style:var(--h2_typography-font-style);--awb-caption-title-size:var(--h2_typography-font-size);--awb-caption-title-transform:var(--h2_typography-text-transform);--awb-caption-title-line-height:var(--h2_typography-line-height);--awb-caption-title-letter-spacing:var(--h2_typography-letter-spacing);\"><span class=\" fusion-imageframe imageframe-none imageframe-2 hover-type-none\"><img decoding=\"async\" width=\"863\" height=\"434\" alt=\"Firma di Rui Cabaco - Maroc Challenge BriefingMan\" title=\"5c2d03a12cc62814e1d51d0e_firma\" src=\"http:\/\/www.marocchallenge.eu\/wp-content\/uploads\/2020\/03\/5c2d03a12cc62814e1d51d0e_firma.png\" class=\"img-responsive wp-image-10956\" srcset=\"https:\/\/www.tunisiechallenge.com\/wp-content\/uploads\/2020\/03\/5c2d03a12cc62814e1d51d0e_firma-200x101.png 200w, https:\/\/www.tunisiechallenge.com\/wp-content\/uploads\/2020\/03\/5c2d03a12cc62814e1d51d0e_firma-400x201.png 400w, https:\/\/www.tunisiechallenge.com\/wp-content\/uploads\/2020\/03\/5c2d03a12cc62814e1d51d0e_firma-600x302.png 600w, https:\/\/www.tunisiechallenge.com\/wp-content\/uploads\/2020\/03\/5c2d03a12cc62814e1d51d0e_firma-800x402.png 800w, https:\/\/www.tunisiechallenge.com\/wp-content\/uploads\/2020\/03\/5c2d03a12cc62814e1d51d0e_firma.png 863w\" sizes=\"(max-width: 1024px) 100vw, 863px\" \/><\/span><\/div><div class=\"fusion-title title fusion-title-4 fusion-sep-none fusion-title-text fusion-title-size-four\" style=\"--awb-text-color:#000000;--awb-margin-top-small:0px;--awb-margin-right-small:0px;--awb-margin-bottom-small:30px;--awb-margin-left-small:0px;\"><h4 class=\"fusion-title-heading title-heading-left fusion-responsive-typography-calculated\" style=\"font-family:&quot;Maroc SourceSans Pro Regular&quot;;font-style:normal;font-weight:400;margin:0;--fontSize:20;--minFontSize:20;line-height:1.5;\">Rui Caba\u00e7o \u2014 BriefingMan<\/h4><\/div><a class=\"fb-icon-element-1 fb-icon-element fontawesome-icon fa-facebook fab circle-no fusion-text-flow fusion-link\" style=\"--awb-iconcolor:#e62e12;--awb-iconcolor-hover:#e62e12;--awb-circlecolor:#ffd547;--awb-font-size:41px;--awb-margin-right:20.5px;\" href=\"https:\/\/www.facebook.com\/MarocBriefingMan\/\" target=\"_blank\" aria-label=\"Link to https:\/\/www.facebook.com\/MarocBriefingMan\/\" rel=\"noopener noreferrer\"><\/a><div class=\"fusion-clearfix\"><\/div><\/div><\/div><\/div><\/div>\n","protected":false},"excerpt":{"rendered":"","protected":false},"author":5,"featured_media":1014,"parent":0,"menu_order":0,"comment_status":"closed","ping_status":"closed","template":"100-width.php","meta":{"footnotes":""},"class_list":["post-11410","page","type-page","status-publish","has-post-thumbnail","hentry"],"yoast_head":"<!-- This site is optimized with the Yoast SEO plugin v27.4 - https:\/\/yoast.com\/product\/yoast-seo-wordpress\/ -->\n<title>Tunisie Challenge - Concetto<\/title>\n<meta name=\"description\" content=\"Se stai leggendo queste righe significa che sognavi di partecipare ad una grande gara marathon come la Dakar o l\u2019Africa Race!\" \/>\n<meta name=\"robots\" content=\"index, follow, max-snippet:-1, max-image-preview:large, max-video-preview:-1\" \/>\n<link rel=\"canonical\" href=\"https:\/\/www.tunisiechallenge.com\/it\/concetto\/\" \/>\n<meta property=\"og:locale\" content=\"it_IT\" \/>\n<meta property=\"og:type\" content=\"article\" \/>\n<meta property=\"og:title\" content=\"Tunisie Challenge - Concetto\" \/>\n<meta property=\"og:description\" content=\"Se stai leggendo queste righe significa che sognavi di partecipare ad una grande gara marathon come la Dakar o l\u2019Africa Race!\" \/>\n<meta property=\"og:url\" content=\"https:\/\/www.tunisiechallenge.com\/it\/concetto\/\" \/>\n<meta property=\"og:site_name\" content=\"Tunisie Challenge\" \/>\n<meta property=\"article:modified_time\" content=\"2023-04-05T11:37:17+00:00\" \/>\n<meta property=\"og:image\" content=\"https:\/\/www.tunisiechallenge.com\/wp-content\/uploads\/2020\/02\/KFOTO-753993.jpg\" \/>\n\t<meta property=\"og:image:width\" content=\"1680\" \/>\n\t<meta property=\"og:image:height\" content=\"945\" \/>\n\t<meta property=\"og:image:type\" content=\"image\/jpeg\" \/>\n<meta name=\"twitter:card\" content=\"summary_large_image\" \/>\n<meta name=\"twitter:label1\" content=\"Tempo di lettura stimato\" \/>\n\t<meta name=\"twitter:data1\" content=\"5 minuti\" \/>\n<script type=\"application\/ld+json\" class=\"yoast-schema-graph\">{\"@context\":\"https:\\\/\\\/schema.org\",\"@graph\":[{\"@type\":\"WebPage\",\"@id\":\"https:\\\/\\\/www.tunisiechallenge.com\\\/it\\\/concetto\\\/\",\"url\":\"https:\\\/\\\/www.tunisiechallenge.com\\\/it\\\/concetto\\\/\",\"name\":\"Tunisie Challenge - Concetto\",\"isPartOf\":{\"@id\":\"https:\\\/\\\/www.tunisiechallenge.com\\\/it\\\/#website\"},\"primaryImageOfPage\":{\"@id\":\"https:\\\/\\\/www.tunisiechallenge.com\\\/it\\\/concetto\\\/#primaryimage\"},\"image\":{\"@id\":\"https:\\\/\\\/www.tunisiechallenge.com\\\/it\\\/concetto\\\/#primaryimage\"},\"thumbnailUrl\":\"https:\\\/\\\/www.tunisiechallenge.com\\\/wp-content\\\/uploads\\\/2020\\\/02\\\/KFOTO-753993.jpg\",\"datePublished\":\"2020-02-27T16:58:04+00:00\",\"dateModified\":\"2023-04-05T11:37:17+00:00\",\"description\":\"Se stai leggendo queste righe significa che sognavi di partecipare ad una grande gara marathon come la Dakar o l\u2019Africa Race!\",\"breadcrumb\":{\"@id\":\"https:\\\/\\\/www.tunisiechallenge.com\\\/it\\\/concetto\\\/#breadcrumb\"},\"inLanguage\":\"it-IT\",\"potentialAction\":[{\"@type\":\"ReadAction\",\"target\":[\"https:\\\/\\\/www.tunisiechallenge.com\\\/it\\\/concetto\\\/\"]}]},{\"@type\":\"ImageObject\",\"inLanguage\":\"it-IT\",\"@id\":\"https:\\\/\\\/www.tunisiechallenge.com\\\/it\\\/concetto\\\/#primaryimage\",\"url\":\"https:\\\/\\\/www.tunisiechallenge.com\\\/wp-content\\\/uploads\\\/2020\\\/02\\\/KFOTO-753993.jpg\",\"contentUrl\":\"https:\\\/\\\/www.tunisiechallenge.com\\\/wp-content\\\/uploads\\\/2020\\\/02\\\/KFOTO-753993.jpg\",\"width\":1680,\"height\":945,\"caption\":\"Rui Cabaco BriefingMan de la Maroc Challenge\"},{\"@type\":\"BreadcrumbList\",\"@id\":\"https:\\\/\\\/www.tunisiechallenge.com\\\/it\\\/concetto\\\/#breadcrumb\",\"itemListElement\":[{\"@type\":\"ListItem\",\"position\":1,\"name\":\"Portada\",\"item\":\"https:\\\/\\\/www.tunisiechallenge.com\\\/it\\\/\"},{\"@type\":\"ListItem\",\"position\":2,\"name\":\"Concetto\"}]},{\"@type\":\"WebSite\",\"@id\":\"https:\\\/\\\/www.tunisiechallenge.com\\\/it\\\/#website\",\"url\":\"https:\\\/\\\/www.tunisiechallenge.com\\\/it\\\/\",\"name\":\"Tunisie Challenge\",\"description\":\"La Dakar degli anni 70 pergli avventurosi di oggi\",\"publisher\":{\"@id\":\"https:\\\/\\\/www.tunisiechallenge.com\\\/it\\\/#organization\"},\"potentialAction\":[{\"@type\":\"SearchAction\",\"target\":{\"@type\":\"EntryPoint\",\"urlTemplate\":\"https:\\\/\\\/www.tunisiechallenge.com\\\/it\\\/?s={search_term_string}\"},\"query-input\":{\"@type\":\"PropertyValueSpecification\",\"valueRequired\":true,\"valueName\":\"search_term_string\"}}],\"inLanguage\":\"it-IT\"},{\"@type\":\"Organization\",\"@id\":\"https:\\\/\\\/www.tunisiechallenge.com\\\/it\\\/#organization\",\"name\":\"TUNISIE CHALLENGE\",\"url\":\"https:\\\/\\\/www.tunisiechallenge.com\\\/it\\\/\",\"logo\":{\"@type\":\"ImageObject\",\"inLanguage\":\"it-IT\",\"@id\":\"https:\\\/\\\/www.tunisiechallenge.com\\\/it\\\/#\\\/schema\\\/logo\\\/image\\\/\",\"url\":\"https:\\\/\\\/www.tunisiechallenge.com\\\/wp-content\\\/uploads\\\/2021\\\/09\\\/Logo-Tunisie_Challenge.png\",\"contentUrl\":\"https:\\\/\\\/www.tunisiechallenge.com\\\/wp-content\\\/uploads\\\/2021\\\/09\\\/Logo-Tunisie_Challenge.png\",\"width\":170,\"height\":96,\"caption\":\"TUNISIE CHALLENGE\"},\"image\":{\"@id\":\"https:\\\/\\\/www.tunisiechallenge.com\\\/it\\\/#\\\/schema\\\/logo\\\/image\\\/\"}}]}<\/script>\n<!-- \/ Yoast SEO plugin. -->","yoast_head_json":{"title":"Tunisie Challenge - Concetto","description":"Se stai leggendo queste righe significa che sognavi di partecipare ad una grande gara marathon come la Dakar o l\u2019Africa Race!","robots":{"index":"index","follow":"follow","max-snippet":"max-snippet:-1","max-image-preview":"max-image-preview:large","max-video-preview":"max-video-preview:-1"},"canonical":"https:\/\/www.tunisiechallenge.com\/it\/concetto\/","og_locale":"it_IT","og_type":"article","og_title":"Tunisie Challenge - Concetto","og_description":"Se stai leggendo queste righe significa che sognavi di partecipare ad una grande gara marathon come la Dakar o l\u2019Africa Race!","og_url":"https:\/\/www.tunisiechallenge.com\/it\/concetto\/","og_site_name":"Tunisie Challenge","article_modified_time":"2023-04-05T11:37:17+00:00","og_image":[{"width":1680,"height":945,"url":"https:\/\/www.tunisiechallenge.com\/wp-content\/uploads\/2020\/02\/KFOTO-753993.jpg","type":"image\/jpeg"}],"twitter_card":"summary_large_image","twitter_misc":{"Tempo di lettura stimato":"5 minuti"},"schema":{"@context":"https:\/\/schema.org","@graph":[{"@type":"WebPage","@id":"https:\/\/www.tunisiechallenge.com\/it\/concetto\/","url":"https:\/\/www.tunisiechallenge.com\/it\/concetto\/","name":"Tunisie Challenge - Concetto","isPartOf":{"@id":"https:\/\/www.tunisiechallenge.com\/it\/#website"},"primaryImageOfPage":{"@id":"https:\/\/www.tunisiechallenge.com\/it\/concetto\/#primaryimage"},"image":{"@id":"https:\/\/www.tunisiechallenge.com\/it\/concetto\/#primaryimage"},"thumbnailUrl":"https:\/\/www.tunisiechallenge.com\/wp-content\/uploads\/2020\/02\/KFOTO-753993.jpg","datePublished":"2020-02-27T16:58:04+00:00","dateModified":"2023-04-05T11:37:17+00:00","description":"Se stai leggendo queste righe significa che sognavi di partecipare ad una grande gara marathon come la Dakar o l\u2019Africa Race!","breadcrumb":{"@id":"https:\/\/www.tunisiechallenge.com\/it\/concetto\/#breadcrumb"},"inLanguage":"it-IT","potentialAction":[{"@type":"ReadAction","target":["https:\/\/www.tunisiechallenge.com\/it\/concetto\/"]}]},{"@type":"ImageObject","inLanguage":"it-IT","@id":"https:\/\/www.tunisiechallenge.com\/it\/concetto\/#primaryimage","url":"https:\/\/www.tunisiechallenge.com\/wp-content\/uploads\/2020\/02\/KFOTO-753993.jpg","contentUrl":"https:\/\/www.tunisiechallenge.com\/wp-content\/uploads\/2020\/02\/KFOTO-753993.jpg","width":1680,"height":945,"caption":"Rui Cabaco BriefingMan de la Maroc Challenge"},{"@type":"BreadcrumbList","@id":"https:\/\/www.tunisiechallenge.com\/it\/concetto\/#breadcrumb","itemListElement":[{"@type":"ListItem","position":1,"name":"Portada","item":"https:\/\/www.tunisiechallenge.com\/it\/"},{"@type":"ListItem","position":2,"name":"Concetto"}]},{"@type":"WebSite","@id":"https:\/\/www.tunisiechallenge.com\/it\/#website","url":"https:\/\/www.tunisiechallenge.com\/it\/","name":"Tunisie Challenge","description":"La Dakar degli anni 70 pergli avventurosi di oggi","publisher":{"@id":"https:\/\/www.tunisiechallenge.com\/it\/#organization"},"potentialAction":[{"@type":"SearchAction","target":{"@type":"EntryPoint","urlTemplate":"https:\/\/www.tunisiechallenge.com\/it\/?s={search_term_string}"},"query-input":{"@type":"PropertyValueSpecification","valueRequired":true,"valueName":"search_term_string"}}],"inLanguage":"it-IT"},{"@type":"Organization","@id":"https:\/\/www.tunisiechallenge.com\/it\/#organization","name":"TUNISIE CHALLENGE","url":"https:\/\/www.tunisiechallenge.com\/it\/","logo":{"@type":"ImageObject","inLanguage":"it-IT","@id":"https:\/\/www.tunisiechallenge.com\/it\/#\/schema\/logo\/image\/","url":"https:\/\/www.tunisiechallenge.com\/wp-content\/uploads\/2021\/09\/Logo-Tunisie_Challenge.png","contentUrl":"https:\/\/www.tunisiechallenge.com\/wp-content\/uploads\/2021\/09\/Logo-Tunisie_Challenge.png","width":170,"height":96,"caption":"TUNISIE CHALLENGE"},"image":{"@id":"https:\/\/www.tunisiechallenge.com\/it\/#\/schema\/logo\/image\/"}}]}},"_links":{"self":[{"href":"https:\/\/www.tunisiechallenge.com\/it\/wp-json\/wp\/v2\/pages\/11410","targetHints":{"allow":["GET"]}}],"collection":[{"href":"https:\/\/www.tunisiechallenge.com\/it\/wp-json\/wp\/v2\/pages"}],"about":[{"href":"https:\/\/www.tunisiechallenge.com\/it\/wp-json\/wp\/v2\/types\/page"}],"author":[{"embeddable":true,"href":"https:\/\/www.tunisiechallenge.com\/it\/wp-json\/wp\/v2\/users\/5"}],"replies":[{"embeddable":true,"href":"https:\/\/www.tunisiechallenge.com\/it\/wp-json\/wp\/v2\/comments?post=11410"}],"version-history":[{"count":11,"href":"https:\/\/www.tunisiechallenge.com\/it\/wp-json\/wp\/v2\/pages\/11410\/revisions"}],"predecessor-version":[{"id":20942,"href":"https:\/\/www.tunisiechallenge.com\/it\/wp-json\/wp\/v2\/pages\/11410\/revisions\/20942"}],"wp:featuredmedia":[{"embeddable":true,"href":"https:\/\/www.tunisiechallenge.com\/it\/wp-json\/wp\/v2\/media\/1014"}],"wp:attachment":[{"href":"https:\/\/www.tunisiechallenge.com\/it\/wp-json\/wp\/v2\/media?parent=11410"}],"curies":[{"name":"wp","href":"https:\/\/api.w.org\/{rel}","templated":true}]}}