{"id":11514,"date":"2020-02-28T12:32:03","date_gmt":"2020-02-28T12:32:03","guid":{"rendered":"http:\/\/www.marocchallenge.eu\/sponsors\/"},"modified":"2021-09-13T07:47:30","modified_gmt":"2021-09-13T07:47:30","slug":"sponsors","status":"publish","type":"page","link":"https:\/\/www.tunisiechallenge.com\/it\/sponsors\/","title":{"rendered":"Sponsorizzazione"},"content":{"rendered":"<div class=\"fusion-fullwidth fullwidth-box fusion-builder-row-1 hundred-percent-fullwidth non-hundred-percent-height-scrolling\" style=\"--awb-border-radius-top-left:0px;--awb-border-radius-top-right:0px;--awb-border-radius-bottom-right:0px;--awb-border-radius-bottom-left:0px;--awb-padding-top:2em;--awb-padding-right:2em;--awb-padding-bottom:2em;--awb-padding-left:2em;--awb-flex-wrap:wrap;\" ><div class=\"fusion-builder-row fusion-row\"><div class=\"fusion-layout-column fusion_builder_column fusion-builder-column-0 fusion_builder_column_1_1 1_1 fusion-one-full fusion-column-first fusion-column-last\" style=\"--awb-bg-size:cover;\"><div class=\"fusion-column-wrapper fusion-column-has-shadow fusion-flex-column-wrapper-legacy\"><div class=\"fusion-title title fusion-title-1 fusion-sep-none fusion-title-text fusion-title-size-one\" style=\"--awb-margin-top-small:0px;--awb-margin-right-small:0px;--awb-margin-bottom-small:30px;--awb-margin-left-small:0px;\"><h1 class=\"fusion-title-heading title-heading-left fusion-responsive-typography-calculated\" style=\"margin:0;--fontSize:38;line-height:1.4;\">Sponsorizzazione<\/h1><\/div><div class=\"fusion-clearfix\"><\/div><\/div><\/div><div class=\"fusion-layout-column fusion_builder_column fusion-builder-column-1 fusion_builder_column_1_1 1_1 fusion-one-full fusion-column-first fusion-column-last tabs-sponsors-content\" style=\"--awb-bg-size:cover;\"><div class=\"fusion-column-wrapper fusion-column-has-shadow fusion-flex-column-wrapper-legacy\"><div class=\"fusion-tabs fusion-tabs-1 clean nav-is-justified tabs-sponsors horizontal-tabs icon-position-left mobile-mode-accordion\" style=\"--awb-title-border-radius-top-left:0px;--awb-title-border-radius-top-right:0px;--awb-title-border-radius-bottom-right:0px;--awb-title-border-radius-bottom-left:0px;--awb-inactive-color:#ffffff;--awb-background-color:#e62e12;--awb-border-color:rgba(241,239,231,0);--awb-active-border-color:#e62e12;\"><div class=\"nav\"><ul class=\"nav-tabs nav-justified\" role=\"tablist\" aria-orientation=\"horizontal\"><li class=\"active\" role=\"presentation\"><a class=\"tab-link\" data-toggle=\"tab\" role=\"tab\" aria-controls=\"tab-99ad77e2a5866e0a5ca\" aria-selected=\"true\" tabindex=\"0\" id=\"fusion-tab-99ad77e2a5866e0a5ca\" href=\"#tab-99ad77e2a5866e0a5ca\"><h4 class=\"fusion-tab-heading\">PREVENTIVO<\/h4><\/a><\/li><li  role=\"presentation\"><a class=\"tab-link\" data-toggle=\"tab\" role=\"tab\" aria-controls=\"tab-a57cb37595713ab40aa\" aria-selected=\"false\" tabindex=\"-1\" id=\"fusion-tab-a57cb37595713ab40aa\" href=\"#tab-a57cb37595713ab40aa\"><h4 class=\"fusion-tab-heading\">SPONSORIZZAZIONE<\/h4><\/a><\/li><li  role=\"presentation\"><a class=\"tab-link\" data-toggle=\"tab\" role=\"tab\" aria-controls=\"tab-95321d95d4bde46ab16\" aria-selected=\"false\" tabindex=\"-1\" id=\"fusion-tab-95321d95d4bde46ab16\" href=\"#tab-95321d95d4bde46ab16\"><h4 class=\"fusion-tab-heading\">COMUNICAZIONE<\/h4><\/a><\/li><\/ul><\/div><div class=\"tab-content\"><div class=\"nav fusion-mobile-tab-nav\"><ul class=\"nav-tabs nav-justified\" role=\"tablist\" aria-orientation=\"horizontal\"><li class=\"active\" role=\"presentation\"><a class=\"tab-link\" data-toggle=\"tab\" role=\"tab\" aria-controls=\"tab-99ad77e2a5866e0a5ca\" aria-selected=\"true\" tabindex=\"0\" id=\"mobile-fusion-tab-99ad77e2a5866e0a5ca\" href=\"#tab-99ad77e2a5866e0a5ca\"><h4 class=\"fusion-tab-heading\">PREVENTIVO<\/h4><\/a><\/li><\/ul><\/div><div class=\"tab-pane fade fusion-clearfix in active\" role=\"tabpanel\" tabindex=\"0\" aria-labelledby=\"fusion-tab-99ad77e2a5866e0a5ca\" id=\"tab-99ad77e2a5866e0a5ca\">\n<div class=\"fusion-builder-row fusion-builder-row-inner fusion-row\"><div class=\"fusion-layout-column fusion_builder_column_inner fusion-builder-nested-column-0 fusion_builder_column_inner_1_1 1_1 fusion-one-full fusion-column-first fusion-column-last\" style=\"--awb-bg-size:cover;\"><div class=\"fusion-column-wrapper fusion-column-has-shadow fusion-flex-column-wrapper-legacy\"><div class=\"fusion-title title fusion-title-2 fusion-sep-none fusion-title-text fusion-title-size-two\" style=\"--awb-margin-top-small:0px;--awb-margin-right-small:0px;--awb-margin-bottom-small:30px;--awb-margin-left-small:0px;\"><h2 class=\"fusion-title-heading title-heading-left fusion-responsive-typography-calculated\" style=\"margin:0;--fontSize:30;line-height:1.5;\">PREPARE IL PREVENTIVO<\/h2><\/div><div class=\"fusion-sep-clear\"><\/div><div class=\"fusion-separator fusion-full-width-sep\" style=\"margin-left: auto;margin-right: auto;margin-bottom:20px;width:100%;max-width:100%;\"><div class=\"fusion-separator-border sep-single sep-solid\" style=\"--awb-height:20px;--awb-amount:20px;--awb-sep-color:#e62e12;border-color:#e62e12;border-top-width:3px;\"><\/div><\/div><div class=\"fusion-sep-clear\"><\/div><div class=\"fusion-clearfix\"><\/div><\/div><\/div><div class=\"fusion-layout-column fusion_builder_column_inner fusion-builder-nested-column-1 fusion_builder_column_inner_1_1 1_1 fusion-one-full fusion-column-first fusion-column-last\" style=\"--awb-padding-top:1em;--awb-padding-right:1em;--awb-padding-bottom:1em;--awb-padding-left:1em;--awb-bg-color:#f8f7f3;--awb-bg-color-hover:#f8f7f3;--awb-bg-size:cover;\"><div class=\"fusion-column-wrapper fusion-column-has-shadow fusion-flex-column-wrapper-legacy\"><div class=\"fusion-text fusion-text-1\"><p><strong>Per preparare il vostro preventivo relativo alla partecipazione alla Tunisie Challenge, dovete considerare due tipi di elementi:<\/strong><\/p>\n<ul>\n<li>Iscrizione veicolo e partecipanti<\/li>\n<li>Spese di iscrizione moltiplicate per il numero di partecipanti<\/li>\n<li>Possibili spese aggiuntive relative alla preparazione e meccanica del veicolo<\/li>\n<li>Carburante<\/li>\n<li>Ferry di andata e ritorno tra Francia e Tunisia<\/li>\n<li>Sistema di sicurezza STELLA III<\/li>\n<li>Assicurazione<\/li>\n<li>Cibo, spese varie<\/li>\n<li>Imprevisti<\/li>\n<\/ul>\n<p><strong>Elementi opzionali<\/strong><\/p>\n<ul>\n<li>Alloggio in hotel<\/li>\n<\/ul>\n<\/div><div class=\"fusion-clearfix\"><\/div><\/div><\/div><\/div>\n<\/div><div class=\"nav fusion-mobile-tab-nav\"><ul class=\"nav-tabs nav-justified\" role=\"tablist\" aria-orientation=\"horizontal\"><li  role=\"presentation\"><a class=\"tab-link\" data-toggle=\"tab\" role=\"tab\" aria-controls=\"tab-a57cb37595713ab40aa\" aria-selected=\"false\" tabindex=\"-1\" id=\"mobile-fusion-tab-a57cb37595713ab40aa\" href=\"#tab-a57cb37595713ab40aa\"><h4 class=\"fusion-tab-heading\">SPONSORIZZAZIONE<\/h4><\/a><\/li><\/ul><\/div><div class=\"tab-pane fade fusion-clearfix\" role=\"tabpanel\" tabindex=\"0\" aria-labelledby=\"fusion-tab-a57cb37595713ab40aa\" id=\"tab-a57cb37595713ab40aa\">\n<div class=\"fusion-builder-row fusion-builder-row-inner fusion-row\"><div class=\"fusion-layout-column fusion_builder_column_inner fusion-builder-nested-column-2 fusion_builder_column_inner_1_1 1_1 fusion-one-full fusion-column-first fusion-column-last\" style=\"--awb-bg-size:cover;\"><div class=\"fusion-column-wrapper fusion-column-has-shadow fusion-flex-column-wrapper-legacy\"><div class=\"fusion-title title fusion-title-3 fusion-sep-none fusion-title-text fusion-title-size-two\" style=\"--awb-margin-top-small:0px;--awb-margin-right-small:0px;--awb-margin-bottom-small:30px;--awb-margin-left-small:0px;\"><h2 class=\"fusion-title-heading title-heading-left fusion-responsive-typography-calculated\" style=\"margin:0;--fontSize:30;line-height:1.5;\">PREPARARE UNA RICHIESTA DI SPONSORIZZAZIONE<\/h2><\/div><div class=\"fusion-sep-clear\"><\/div><div class=\"fusion-separator fusion-full-width-sep\" style=\"margin-left: auto;margin-right: auto;margin-bottom:20px;width:100%;max-width:100%;\"><div class=\"fusion-separator-border sep-single sep-solid\" style=\"--awb-height:20px;--awb-amount:20px;--awb-sep-color:#e62e12;border-color:#e62e12;border-top-width:3px;\"><\/div><\/div><div class=\"fusion-sep-clear\"><\/div><div class=\"fusion-clearfix\"><\/div><\/div><\/div><div class=\"fusion-layout-column fusion_builder_column_inner fusion-builder-nested-column-3 fusion_builder_column_inner_1_1 1_1 fusion-one-full fusion-column-first fusion-column-last\" style=\"--awb-padding-top:1em;--awb-padding-right:1em;--awb-padding-bottom:1em;--awb-padding-left:1em;--awb-bg-color:#f8f7f3;--awb-bg-color-hover:#f8f7f3;--awb-bg-size:cover;\"><div class=\"fusion-column-wrapper fusion-column-has-shadow fusion-flex-column-wrapper-legacy\"><div class=\"fusion-text fusion-text-2\"><p>Dall\u2019 organizzazione, vi forniamo un dossier in formato PDF nel quale trovate praticamente tutte le informazioni necessarie, dovete soltanto personalizzarlo e farlo vostro. Prima di cominciare con la richiesta vi proponiamo un paio di esercizi che vi aiuteranno a preparare il miglior dossier possibile.<\/p>\n<p><strong>Rispondete voi stessi alle seguenti domande:<\/strong><\/p>\n<ul>\n<li>Perch\u00e9 voglio partecipare alla Tunisie Challenge?<\/li>\n<li>Cosa mi motiva?<\/li>\n<li>A cosa aspiro? Quali sono i miei obiettivi?<\/li>\n<li>Che mezzi ho a disposizione e cosa invece mi manca?<\/li>\n<li>Chi mi potrebbe fornire ci\u00f2 che mi manca?<\/li>\n<\/ul>\n<p><strong>Quali sono le spese e i costi da affrontare per intraprendere questo raid?<\/strong><\/p>\n<ul>\n<li>Preparazione del veicolo<\/li>\n<li>Iscrizione<\/li>\n<li>Carburante<\/li>\n<li>Pezzi di ricambio e strumenti<\/li>\n<li>Vitto e alloggio durante la competizione<\/li>\n<li>Spese per possibili imprevisti<\/li>\n<\/ul>\n<p><strong>Che parte budget \u00e8 coperta?<\/strong><\/p>\n<p>Quale somma dovr\u00f2 chiedere al mio sponsor per coprire le mie spese? Avr\u00f2 bisogno di uno o pi\u00f9 sponsor?<\/p>\n<p><strong>Fate una lista dei possibili sponsor ai quali rivolgervi.<\/strong><\/p>\n<p>La Tunisie Challenge, non richiede un gran investimento pertanto \u00e8 consigliabile cominciare dai nostri contatti pi\u00f9 vicini, sia personali che professionali, gente del nostro paese, citt\u00e0, provincia. Saranno pi\u00f9 disponibili ad ascoltarci rispetto ai \u201cgrandi sponsor\u201d. I criteri per fare una lista possono essere:<\/p>\n<ul>\n<li>Di cosa si occupano (mondo dei motori, automobili, settore avventura, ecc)<\/li>\n<li>Saranno aperti ad ascoltarci (ci conoscono, sono clienti o fornitori, abbiamo conoscenti in comune, abbiamo gli stessi interessi, stanno crescendo e gli farebbe comodo un po\u2019 di pubblicit\u00e0, ecc)<\/li>\n<li>L\u2019investimento che dovranno fare \u00e8 proporzionato alle loro disponibilit\u00e0 economiche, possono affrontarlo senza problemi.<\/li>\n<\/ul>\n<p><strong>Fate una lista delle possibili azioni che potete intraprendere per migliorare la visibilit\u00e0 del vostro sponsor.<\/strong><\/p>\n<ul>\n<li>Organizzare una intervista in radio.<\/li>\n<li>Realizzare un piccolo reportage per un programma locale.<\/li>\n<li>Personalizzare con il logo dello sponsor il veicolo, il vestiario, baule, ecc<\/li>\n<li>Portare il vostro veicolo alla sede dello sponsor e realizzare un evento per far conoscere la vostra avventura.<\/li>\n<li>Impegnarvi a mantenere lo sponsor al corrente durante il raid.<\/li>\n<li>L\u2019organizzazione realizza un importante lavoro di comunicazione durante tutta la gara, dal materiale fotografico ai reportage in DVD; una volta terminata la gara il materiale \u00e8 in vendita per le squadre partecipanti. Potete impegnarvi a regalare allo sponsor tale materiale.<\/li>\n<\/ul>\n<p>Queste azioni risulteranno molto interessanti per il vostro sponsor e dipenderanno esclusivamente da voi.<\/p>\n<p><strong>Infine, non dimenticate\u2026<\/strong><\/p>\n<p>Informate tutti i possibili collaboratori o sponsor che potranno seguire i vostri successi durante e dopo il raid grazie al nostro canale (in caso di dubbi su come funziona contattaci)<\/p>\n<p>Una volta terminato questo primo lavoro, potete cominciare a preparare il vostro dossier di presentazione della squadra per la Tunisie Challenge.<\/p>\n<p>IN BOCCA AL LUPO!<\/p>\n<\/div><div class=\"fusion-clearfix\"><\/div><\/div><\/div><\/div>\n<\/div><div class=\"nav fusion-mobile-tab-nav\"><ul class=\"nav-tabs nav-justified\" role=\"tablist\" aria-orientation=\"horizontal\"><li  role=\"presentation\"><a class=\"tab-link\" data-toggle=\"tab\" role=\"tab\" aria-controls=\"tab-95321d95d4bde46ab16\" aria-selected=\"false\" tabindex=\"-1\" id=\"mobile-fusion-tab-95321d95d4bde46ab16\" href=\"#tab-95321d95d4bde46ab16\"><h4 class=\"fusion-tab-heading\">COMUNICAZIONE<\/h4><\/a><\/li><\/ul><\/div><div class=\"tab-pane fade fusion-clearfix\" role=\"tabpanel\" tabindex=\"0\" aria-labelledby=\"fusion-tab-95321d95d4bde46ab16\" id=\"tab-95321d95d4bde46ab16\">\n<div class=\"fusion-builder-row fusion-builder-row-inner fusion-row\"><div class=\"fusion-layout-column fusion_builder_column_inner fusion-builder-nested-column-4 fusion_builder_column_inner_1_1 1_1 fusion-one-full fusion-column-first fusion-column-last\" style=\"--awb-bg-size:cover;\"><div class=\"fusion-column-wrapper fusion-column-has-shadow fusion-flex-column-wrapper-legacy\"><div class=\"fusion-title title fusion-title-4 fusion-sep-none fusion-title-text fusion-title-size-two\" style=\"--awb-margin-top-small:0px;--awb-margin-right-small:0px;--awb-margin-bottom-small:30px;--awb-margin-left-small:0px;\"><h2 class=\"fusion-title-heading title-heading-left fusion-responsive-typography-calculated\" style=\"margin:0;--fontSize:30;line-height:1.5;\">MATERIALI DI COMUNICAZIONE<\/h2><\/div><div class=\"fusion-sep-clear\"><\/div><div class=\"fusion-separator fusion-full-width-sep\" style=\"margin-left: auto;margin-right: auto;margin-bottom:20px;width:100%;max-width:100%;\"><div class=\"fusion-separator-border sep-single sep-solid\" style=\"--awb-height:20px;--awb-amount:20px;--awb-sep-color:#e62e12;border-color:#e62e12;border-top-width:3px;\"><\/div><\/div><div class=\"fusion-sep-clear\"><\/div><div class=\"fusion-clearfix\"><\/div><\/div><\/div><div class=\"fusion-layout-column fusion_builder_column_inner fusion-builder-nested-column-5 fusion_builder_column_inner_1_1 1_1 fusion-one-full fusion-column-first fusion-column-last\" style=\"--awb-padding-top:1em;--awb-padding-right:1em;--awb-padding-bottom:1em;--awb-padding-left:1em;--awb-bg-color:#f8f7f3;--awb-bg-color-hover:#f8f7f3;--awb-bg-size:cover;\"><div class=\"fusion-column-wrapper fusion-column-has-shadow fusion-flex-column-wrapper-legacy\"><div class=\"fusion-text fusion-text-3\"><p>Una volta formalizzata la preiscrizione della squadra ed effettuato il pagamento, riceverete una mail con un link a un account Dropbox della Tunisie Challenge, da cui scaricare il seguente materiale:<\/p>\n<p><strong>Materiale fotografico<\/strong><\/p>\n<p>Accesso a vario materiale fotografico in HD di edizioni precedenti: foto di azioni, paesaggi, progetto solidale. Copyright \u00a9 Kfoto.es \u2013 Tutti i diritti riservati.<\/p>\n<p><strong>V\u00eddeo<\/strong><\/p>\n<p>Accesso a video promozionali della Maroc che si possono utilizzare per presentazioni, promozione o possono essere condivisi sui social network.<\/p>\n<p><strong>Logo della Tunisie Challenge<\/strong><\/p>\n<p>Accesso al logo della Tunisie in diversi formati, attenzione! I partecipanti sono autorizzati a riprodurre il logo solo per far conoscere la loro partecipazione alla Tunisie e solo attraverso questi mezzi:<\/p>\n<ul>\n<li>Progetti informativi per la ricerca di collaboratori e sponsor<\/li>\n<li>Presentazioni per la stampa<\/li>\n<li>Equipaggio della squadra<\/li>\n<li>Pagina web o reti sociali della vostra squadra una volta iscritti<\/li>\n<li>Il logo non potr\u00e0 essere associato direttamente o indirettamente ad alcuna marca commerciale o istituzionale senza la previa autorizzazione da parte dell\u2019organizzazione.<\/li>\n<\/ul>\n<p>Pertanto, i vostri collaboratori o sponsor non potranno utilizzare il logo della Maroc senza fare riferimento allo sponsor della vostra squadra.<\/p>\n<p><strong>Mappa del percorso<\/strong><\/p>\n<p>Accesso alla mappa del percorso in formato JPEG in HD, da includere in presentazioni, attivit\u00e0 promozionali o condivisione in reti sociali.<\/p>\n<p><strong>Risorse di comunicazione per Facebook<\/strong><\/p>\n<p>Accesso a banner fotografici configurati in formati adatti a FB per la promozione della vostra partecipazione alla Tunisie.<\/p>\n<p><strong>La Tunisie e la stampa<\/strong><\/p>\n<p>Accesso ai reportage pi\u00f9 significativi realizzati per la stampa nazionale e internazionale.<\/p>\n<p><strong>Avrete inoltre accesso al seguente materiale:\u00a0<\/strong><\/p>\n<ul>\n<li>Materiale per la realizzazione della richiesta di sponsorizzazione<\/li>\n<li>Regolamento delle precedenti edizioni<\/li>\n<li>Track, waypoints e lista di una tappa di un\u2019edizione precedente per testare il funzionamento del GPS.<\/li>\n<\/ul>\n<\/div><div class=\"fusion-clearfix\"><\/div><\/div><\/div><\/div>\n<\/div><\/div><\/div><div class=\"fusion-clearfix\"><\/div><\/div><\/div><\/div><\/div>\n","protected":false},"excerpt":{"rendered":"","protected":false},"author":5,"featured_media":17529,"parent":0,"menu_order":0,"comment_status":"closed","ping_status":"closed","template":"100-width.php","meta":{"footnotes":""},"class_list":["post-11514","page","type-page","status-publish","has-post-thumbnail","hentry"],"yoast_head":"<!-- This site is optimized with the Yoast SEO plugin v27.4 - https:\/\/yoast.com\/product\/yoast-seo-wordpress\/ -->\n<title>Sponsorizzazione - Tunisie Challenge<\/title>\n<meta name=\"description\" content=\"Per preparare il vostro preventivo relativo alla partecipazione alla Tunisie Challenge, dovete considerare due tipi di elementi:\" \/>\n<meta name=\"robots\" content=\"index, follow, max-snippet:-1, max-image-preview:large, max-video-preview:-1\" \/>\n<link rel=\"canonical\" href=\"https:\/\/www.tunisiechallenge.com\/it\/sponsors\/\" \/>\n<meta property=\"og:locale\" content=\"it_IT\" \/>\n<meta property=\"og:type\" content=\"article\" \/>\n<meta property=\"og:title\" content=\"Sponsorizzazione - Tunisie Challenge\" \/>\n<meta property=\"og:description\" content=\"Per preparare il vostro preventivo relativo alla partecipazione alla Maroc Challenge, dovete considerare due tipi di elementi:\" \/>\n<meta property=\"og:url\" content=\"https:\/\/www.tunisiechallenge.com\/it\/sponsors\/\" \/>\n<meta property=\"og:site_name\" content=\"Tunisie Challenge\" \/>\n<meta property=\"article:modified_time\" content=\"2021-09-13T07:47:30+00:00\" \/>\n<meta property=\"og:image\" content=\"https:\/\/www.tunisiechallenge.com\/wp-content\/uploads\/2021\/08\/splash_screen-300x300-1.png\" \/>\n\t<meta property=\"og:image:width\" content=\"300\" \/>\n\t<meta property=\"og:image:height\" content=\"300\" \/>\n\t<meta property=\"og:image:type\" content=\"image\/png\" \/>\n<meta name=\"twitter:card\" content=\"summary_large_image\" \/>\n<meta name=\"twitter:label1\" content=\"Tempo di lettura stimato\" \/>\n\t<meta name=\"twitter:data1\" content=\"8 minuti\" \/>\n<script type=\"application\/ld+json\" class=\"yoast-schema-graph\">{\"@context\":\"https:\\\/\\\/schema.org\",\"@graph\":[{\"@type\":\"WebPage\",\"@id\":\"https:\\\/\\\/www.tunisiechallenge.com\\\/it\\\/sponsors\\\/\",\"url\":\"https:\\\/\\\/www.tunisiechallenge.com\\\/it\\\/sponsors\\\/\",\"name\":\"Sponsorizzazione - Tunisie Challenge\",\"isPartOf\":{\"@id\":\"https:\\\/\\\/www.tunisiechallenge.com\\\/it\\\/#website\"},\"primaryImageOfPage\":{\"@id\":\"https:\\\/\\\/www.tunisiechallenge.com\\\/it\\\/sponsors\\\/#primaryimage\"},\"image\":{\"@id\":\"https:\\\/\\\/www.tunisiechallenge.com\\\/it\\\/sponsors\\\/#primaryimage\"},\"thumbnailUrl\":\"https:\\\/\\\/www.tunisiechallenge.com\\\/wp-content\\\/uploads\\\/2021\\\/08\\\/splash_screen-300x300-1.png\",\"datePublished\":\"2020-02-28T12:32:03+00:00\",\"dateModified\":\"2021-09-13T07:47:30+00:00\",\"description\":\"Per preparare il vostro preventivo relativo alla partecipazione alla Tunisie Challenge, dovete considerare due tipi di elementi:\",\"breadcrumb\":{\"@id\":\"https:\\\/\\\/www.tunisiechallenge.com\\\/it\\\/sponsors\\\/#breadcrumb\"},\"inLanguage\":\"it-IT\",\"potentialAction\":[{\"@type\":\"ReadAction\",\"target\":[\"https:\\\/\\\/www.tunisiechallenge.com\\\/it\\\/sponsors\\\/\"]}]},{\"@type\":\"ImageObject\",\"inLanguage\":\"it-IT\",\"@id\":\"https:\\\/\\\/www.tunisiechallenge.com\\\/it\\\/sponsors\\\/#primaryimage\",\"url\":\"https:\\\/\\\/www.tunisiechallenge.com\\\/wp-content\\\/uploads\\\/2021\\\/08\\\/splash_screen-300x300-1.png\",\"contentUrl\":\"https:\\\/\\\/www.tunisiechallenge.com\\\/wp-content\\\/uploads\\\/2021\\\/08\\\/splash_screen-300x300-1.png\",\"width\":300,\"height\":300},{\"@type\":\"BreadcrumbList\",\"@id\":\"https:\\\/\\\/www.tunisiechallenge.com\\\/it\\\/sponsors\\\/#breadcrumb\",\"itemListElement\":[{\"@type\":\"ListItem\",\"position\":1,\"name\":\"Portada\",\"item\":\"https:\\\/\\\/www.tunisiechallenge.com\\\/it\\\/\"},{\"@type\":\"ListItem\",\"position\":2,\"name\":\"Sponsorizzazione\"}]},{\"@type\":\"WebSite\",\"@id\":\"https:\\\/\\\/www.tunisiechallenge.com\\\/it\\\/#website\",\"url\":\"https:\\\/\\\/www.tunisiechallenge.com\\\/it\\\/\",\"name\":\"Tunisie Challenge\",\"description\":\"La Dakar degli anni 70 pergli avventurosi di oggi\",\"publisher\":{\"@id\":\"https:\\\/\\\/www.tunisiechallenge.com\\\/it\\\/#organization\"},\"potentialAction\":[{\"@type\":\"SearchAction\",\"target\":{\"@type\":\"EntryPoint\",\"urlTemplate\":\"https:\\\/\\\/www.tunisiechallenge.com\\\/it\\\/?s={search_term_string}\"},\"query-input\":{\"@type\":\"PropertyValueSpecification\",\"valueRequired\":true,\"valueName\":\"search_term_string\"}}],\"inLanguage\":\"it-IT\"},{\"@type\":\"Organization\",\"@id\":\"https:\\\/\\\/www.tunisiechallenge.com\\\/it\\\/#organization\",\"name\":\"TUNISIE CHALLENGE\",\"url\":\"https:\\\/\\\/www.tunisiechallenge.com\\\/it\\\/\",\"logo\":{\"@type\":\"ImageObject\",\"inLanguage\":\"it-IT\",\"@id\":\"https:\\\/\\\/www.tunisiechallenge.com\\\/it\\\/#\\\/schema\\\/logo\\\/image\\\/\",\"url\":\"https:\\\/\\\/www.tunisiechallenge.com\\\/wp-content\\\/uploads\\\/2021\\\/09\\\/Logo-Tunisie_Challenge.png\",\"contentUrl\":\"https:\\\/\\\/www.tunisiechallenge.com\\\/wp-content\\\/uploads\\\/2021\\\/09\\\/Logo-Tunisie_Challenge.png\",\"width\":170,\"height\":96,\"caption\":\"TUNISIE CHALLENGE\"},\"image\":{\"@id\":\"https:\\\/\\\/www.tunisiechallenge.com\\\/it\\\/#\\\/schema\\\/logo\\\/image\\\/\"}}]}<\/script>\n<!-- \/ Yoast SEO plugin. -->","yoast_head_json":{"title":"Sponsorizzazione - Tunisie Challenge","description":"Per preparare il vostro preventivo relativo alla partecipazione alla Tunisie Challenge, dovete considerare due tipi di elementi:","robots":{"index":"index","follow":"follow","max-snippet":"max-snippet:-1","max-image-preview":"max-image-preview:large","max-video-preview":"max-video-preview:-1"},"canonical":"https:\/\/www.tunisiechallenge.com\/it\/sponsors\/","og_locale":"it_IT","og_type":"article","og_title":"Sponsorizzazione - Tunisie Challenge","og_description":"Per preparare il vostro preventivo relativo alla partecipazione alla Maroc Challenge, dovete considerare due tipi di elementi:","og_url":"https:\/\/www.tunisiechallenge.com\/it\/sponsors\/","og_site_name":"Tunisie Challenge","article_modified_time":"2021-09-13T07:47:30+00:00","og_image":[{"width":300,"height":300,"url":"https:\/\/www.tunisiechallenge.com\/wp-content\/uploads\/2021\/08\/splash_screen-300x300-1.png","type":"image\/png"}],"twitter_card":"summary_large_image","twitter_misc":{"Tempo di lettura stimato":"8 minuti"},"schema":{"@context":"https:\/\/schema.org","@graph":[{"@type":"WebPage","@id":"https:\/\/www.tunisiechallenge.com\/it\/sponsors\/","url":"https:\/\/www.tunisiechallenge.com\/it\/sponsors\/","name":"Sponsorizzazione - Tunisie Challenge","isPartOf":{"@id":"https:\/\/www.tunisiechallenge.com\/it\/#website"},"primaryImageOfPage":{"@id":"https:\/\/www.tunisiechallenge.com\/it\/sponsors\/#primaryimage"},"image":{"@id":"https:\/\/www.tunisiechallenge.com\/it\/sponsors\/#primaryimage"},"thumbnailUrl":"https:\/\/www.tunisiechallenge.com\/wp-content\/uploads\/2021\/08\/splash_screen-300x300-1.png","datePublished":"2020-02-28T12:32:03+00:00","dateModified":"2021-09-13T07:47:30+00:00","description":"Per preparare il vostro preventivo relativo alla partecipazione alla Tunisie Challenge, dovete considerare due tipi di elementi:","breadcrumb":{"@id":"https:\/\/www.tunisiechallenge.com\/it\/sponsors\/#breadcrumb"},"inLanguage":"it-IT","potentialAction":[{"@type":"ReadAction","target":["https:\/\/www.tunisiechallenge.com\/it\/sponsors\/"]}]},{"@type":"ImageObject","inLanguage":"it-IT","@id":"https:\/\/www.tunisiechallenge.com\/it\/sponsors\/#primaryimage","url":"https:\/\/www.tunisiechallenge.com\/wp-content\/uploads\/2021\/08\/splash_screen-300x300-1.png","contentUrl":"https:\/\/www.tunisiechallenge.com\/wp-content\/uploads\/2021\/08\/splash_screen-300x300-1.png","width":300,"height":300},{"@type":"BreadcrumbList","@id":"https:\/\/www.tunisiechallenge.com\/it\/sponsors\/#breadcrumb","itemListElement":[{"@type":"ListItem","position":1,"name":"Portada","item":"https:\/\/www.tunisiechallenge.com\/it\/"},{"@type":"ListItem","position":2,"name":"Sponsorizzazione"}]},{"@type":"WebSite","@id":"https:\/\/www.tunisiechallenge.com\/it\/#website","url":"https:\/\/www.tunisiechallenge.com\/it\/","name":"Tunisie Challenge","description":"La Dakar degli anni 70 pergli avventurosi di oggi","publisher":{"@id":"https:\/\/www.tunisiechallenge.com\/it\/#organization"},"potentialAction":[{"@type":"SearchAction","target":{"@type":"EntryPoint","urlTemplate":"https:\/\/www.tunisiechallenge.com\/it\/?s={search_term_string}"},"query-input":{"@type":"PropertyValueSpecification","valueRequired":true,"valueName":"search_term_string"}}],"inLanguage":"it-IT"},{"@type":"Organization","@id":"https:\/\/www.tunisiechallenge.com\/it\/#organization","name":"TUNISIE CHALLENGE","url":"https:\/\/www.tunisiechallenge.com\/it\/","logo":{"@type":"ImageObject","inLanguage":"it-IT","@id":"https:\/\/www.tunisiechallenge.com\/it\/#\/schema\/logo\/image\/","url":"https:\/\/www.tunisiechallenge.com\/wp-content\/uploads\/2021\/09\/Logo-Tunisie_Challenge.png","contentUrl":"https:\/\/www.tunisiechallenge.com\/wp-content\/uploads\/2021\/09\/Logo-Tunisie_Challenge.png","width":170,"height":96,"caption":"TUNISIE CHALLENGE"},"image":{"@id":"https:\/\/www.tunisiechallenge.com\/it\/#\/schema\/logo\/image\/"}}]}},"_links":{"self":[{"href":"https:\/\/www.tunisiechallenge.com\/it\/wp-json\/wp\/v2\/pages\/11514","targetHints":{"allow":["GET"]}}],"collection":[{"href":"https:\/\/www.tunisiechallenge.com\/it\/wp-json\/wp\/v2\/pages"}],"about":[{"href":"https:\/\/www.tunisiechallenge.com\/it\/wp-json\/wp\/v2\/types\/page"}],"author":[{"embeddable":true,"href":"https:\/\/www.tunisiechallenge.com\/it\/wp-json\/wp\/v2\/users\/5"}],"replies":[{"embeddable":true,"href":"https:\/\/www.tunisiechallenge.com\/it\/wp-json\/wp\/v2\/comments?post=11514"}],"version-history":[{"count":8,"href":"https:\/\/www.tunisiechallenge.com\/it\/wp-json\/wp\/v2\/pages\/11514\/revisions"}],"predecessor-version":[{"id":17247,"href":"https:\/\/www.tunisiechallenge.com\/it\/wp-json\/wp\/v2\/pages\/11514\/revisions\/17247"}],"wp:featuredmedia":[{"embeddable":true,"href":"https:\/\/www.tunisiechallenge.com\/it\/wp-json\/wp\/v2\/media\/17529"}],"wp:attachment":[{"href":"https:\/\/www.tunisiechallenge.com\/it\/wp-json\/wp\/v2\/media?parent=11514"}],"curies":[{"name":"wp","href":"https:\/\/api.w.org\/{rel}","templated":true}]}}