{"id":11411,"date":"2020-02-27T16:58:04","date_gmt":"2020-02-27T16:58:04","guid":{"rendered":"http:\/\/www.marocchallenge.eu\/concepto\/"},"modified":"2023-04-05T11:37:56","modified_gmt":"2023-04-05T11:37:56","slug":"conceito","status":"publish","type":"page","link":"https:\/\/www.tunisiechallenge.com\/pt-pt\/conceito\/","title":{"rendered":"Conceito"},"content":{"rendered":"<div class=\"fusion-fullwidth fullwidth-box fusion-builder-row-1 has-pattern-background has-mask-background hundred-percent-fullwidth non-hundred-percent-height-scrolling\" style=\"--link_color: #e52c12;--awb-border-radius-top-left:0px;--awb-border-radius-top-right:0px;--awb-border-radius-bottom-right:0px;--awb-border-radius-bottom-left:0px;--awb-padding-top:2em;--awb-padding-bottom:2em;--awb-flex-wrap:wrap;\" ><div class=\"fusion-builder-row fusion-row\"><div class=\"fusion-layout-column fusion_builder_column fusion-builder-column-0 fusion_builder_column_1_1 1_1 fusion-one-full fusion-column-first fusion-column-last\" style=\"--awb-bg-size:cover;\"><div class=\"fusion-column-wrapper fusion-column-has-shadow fusion-flex-column-wrapper-legacy\"><div class=\"fusion-title title fusion-title-1 fusion-sep-none fusion-title-text fusion-title-size-one\" style=\"--awb-margin-top-small:0px;--awb-margin-right-small:0px;--awb-margin-bottom-small:30px;--awb-margin-left-small:0px;\"><h1 class=\"fusion-title-heading title-heading-left fusion-responsive-typography-calculated\" style=\"margin:0;--fontSize:38;line-height:1.4;\"><strong>Conceito<\/strong><\/h1><\/div><div class=\"fusion-clearfix\"><\/div><\/div><\/div><div class=\"fusion-layout-column fusion_builder_column fusion-builder-column-1 fusion_builder_column_1_1 1_1 fusion-one-full fusion-column-first fusion-column-last content-page\" style=\"--awb-bg-size:cover;\"><div class=\"fusion-column-wrapper fusion-column-has-shadow fusion-flex-column-wrapper-legacy\"><div class=\"fusion-image-element fusion-image-align-center in-legacy-container\" style=\"text-align:center;--awb-caption-title-font-family:var(--h2_typography-font-family);--awb-caption-title-font-weight:var(--h2_typography-font-weight);--awb-caption-title-font-style:var(--h2_typography-font-style);--awb-caption-title-size:var(--h2_typography-font-size);--awb-caption-title-transform:var(--h2_typography-text-transform);--awb-caption-title-line-height:var(--h2_typography-line-height);--awb-caption-title-letter-spacing:var(--h2_typography-letter-spacing);\"><div class=\"imageframe-align-center\"><span class=\" fusion-imageframe imageframe-none imageframe-1 hover-type-none\"><img decoding=\"async\" width=\"2560\" height=\"1024\" alt=\"Rui Cabaco, briefing antes do inicio de uma etapa\" title=\"Todos los derechos reservados\" src=\"https:\/\/www.tunisiechallenge.com\/wp-content\/uploads\/2020\/02\/K22-22904-scaled.jpg\" class=\"img-responsive wp-image-19343\" srcset=\"https:\/\/www.tunisiechallenge.com\/wp-content\/uploads\/2020\/02\/K22-22904-200x80.jpg 200w, https:\/\/www.tunisiechallenge.com\/wp-content\/uploads\/2020\/02\/K22-22904-400x160.jpg 400w, https:\/\/www.tunisiechallenge.com\/wp-content\/uploads\/2020\/02\/K22-22904-600x240.jpg 600w, https:\/\/www.tunisiechallenge.com\/wp-content\/uploads\/2020\/02\/K22-22904-800x320.jpg 800w, https:\/\/www.tunisiechallenge.com\/wp-content\/uploads\/2020\/02\/K22-22904-1200x480.jpg 1200w, https:\/\/www.tunisiechallenge.com\/wp-content\/uploads\/2020\/02\/K22-22904-scaled.jpg 2560w\" sizes=\"(max-width: 1024px) 100vw, 1200px\" \/><\/span><\/div><\/div><div class=\"fusion-title title fusion-title-2 fusion-sep-none fusion-title-text fusion-title-size-two\" style=\"--awb-text-color:#333333;--awb-margin-top:0.5em;--awb-margin-top-small:0.2em;--awb-margin-right-small:0px;--awb-margin-left-small:0px;--awb-font-size:94px;\"><h2 class=\"fusion-title-heading title-heading-left fusion-responsive-typography-calculated\" style=\"font-family:&quot;Maroc Impact&quot;;font-style:normal;font-weight:400;margin:0;font-size:1em;--fontSize:94;line-height:1.02;\"><strong>O DAKAR DOS ANOS 70 PARA OS AVENTUREIROS DE HOJE<\/strong><\/h2><\/div><div class=\"fusion-sep-clear\"><\/div><div class=\"fusion-separator fusion-clearfix\" style=\"float:left;margin-bottom:20px;width:100%;max-width:70%;\"><div class=\"fusion-separator-border sep-single sep-solid\" style=\"--awb-height:20px;--awb-amount:20px;--awb-sep-color:#e62e12;border-color:#e62e12;border-top-width:3px;\"><\/div><\/div><div class=\"fusion-sep-clear\"><\/div><div class=\"fusion-text fusion-text-1\"><p>Se est\u00e1s a ler isto \u00e9 porque algum dia sonhaste em participar numa grande prova como o Dakar ou a \u00c1frica Race!\u00a0Eu sempre fui um apaixonado do mundo do motor, e dos primeiros raids dos anos 70 e 80. Ve\u00edculos com pouca prepara\u00e7\u00e3o, pilotos com pouca experi\u00eancia, um continente desconhecido e poucos meios. Aquilo era verdadeira aventura. Quando planeei a primeira edi\u00e7\u00e3o era esse o esp\u00edrito que queria captar. Evidentemente hoje em dia, n\u00e3o h\u00e1 compara\u00e7\u00e3o, pois a diferen\u00e7a de prepara\u00e7\u00e3o, custos e exig\u00eancias destas provas \u00e9 muito mais elevado, mas estou seguro que sentimos o mesmo desafio, \u00a0disfrutamos e sentimos das mesmas sensa\u00e7\u00f5es que acompanha o mesmo esp\u00edrito de aventura.<\/p>\n<p>Tunisie Challenge nasce como um evento g\u00e9meo da <a href=\"https:\/\/www.marocchallenge.com\/pt-pt\/\">Maroc Challenge<\/a>. Comparte a premissa de ser uma prova aberta, independentemente da prepara\u00e7\u00e3o do ve\u00edculo e da experi\u00eancia. E comparte igualmente de um ambiente de camaradagem que n\u00e3o \u00e9 tao renhida como o da competi\u00e7\u00e3o. Os que j\u00e1 s\u00e3o veteranos na Maroc Challenge, desafio-vos a acompanharem-nos. Ainda que saibam que na Maroc cada edi\u00e7\u00e3o \u00e9 \u00fanica, os percursos, as etapas, as gentes, as sensa\u00e7\u00f5es e experi\u00eancias s\u00e3o sempre diferentes. Desta vez ser\u00e1 tudo novo\u2026 Um pais novo onde j\u00e1 n\u00e3o est\u00e3o ao abrigo do conhecido\u2026 A quem esteja a planear a primeira vez, \u00e2nimo (porque desta vez os veteranos se vao notar menos\u2026). Como digo sempre, isto \u00e9 uma aventura e tudo pode acontecer, mas se h\u00e1 algo que posso garantir \u00e9 que v\u00e3o sofrer e disfrutar (em partes nem sempre iguais). Haver\u00e1 momentos quese v\u00e3o recordar de mim e deste texto, inclusive haver\u00e1 momentos que se ir\u00e3o arrepender de ter embarcado nesta hist\u00f3ria e seguramente umas horas\u2026 ou um dia depois lhes surpreender\u00e1 uma enorme satisfa\u00e7\u00e3o de fazer parte desta aventura.<\/p>\n<p>Eu na realidade s\u00f3 posso garantir que a Tunisie ser\u00e1 uma experi\u00eancia \u00fanica<\/p>\n<\/div><div class=\"fusion-title title fusion-title-3 fusion-sep-none fusion-title-text fusion-title-size-three\" style=\"--awb-text-color:#000000;--awb-margin-top-small:0px;--awb-margin-right-small:0px;--awb-margin-bottom-small:30px;--awb-margin-left-small:0px;--awb-font-size:36px;\"><h3 class=\"fusion-title-heading title-heading-left fusion-responsive-typography-calculated\" style=\"font-family:&quot;Maroc SourceSans Pro Bold&quot;;font-style:normal;font-weight:400;margin:0;font-size:1em;--fontSize:36;line-height:1.3;\"><strong class=\"bold-text-7\">Bem-vindos \u00e0 Tunisie!<\/strong><\/h3><\/div><div class=\"fusion-image-element in-legacy-container\" style=\"--awb-max-width:150px;--awb-caption-title-font-family:var(--h2_typography-font-family);--awb-caption-title-font-weight:var(--h2_typography-font-weight);--awb-caption-title-font-style:var(--h2_typography-font-style);--awb-caption-title-size:var(--h2_typography-font-size);--awb-caption-title-transform:var(--h2_typography-text-transform);--awb-caption-title-line-height:var(--h2_typography-line-height);--awb-caption-title-letter-spacing:var(--h2_typography-letter-spacing);\"><span class=\" fusion-imageframe imageframe-none imageframe-2 hover-type-none\"><img decoding=\"async\" width=\"863\" height=\"434\" alt=\"Assinatura de Rui Cabaco - Maroc Challenge BriefingMan\" title=\"5c2d03a12cc62814e1d51d0e_firma\" src=\"http:\/\/www.marocchallenge.eu\/wp-content\/uploads\/2020\/03\/5c2d03a12cc62814e1d51d0e_firma.png\" class=\"img-responsive wp-image-10957\" srcset=\"https:\/\/www.tunisiechallenge.com\/wp-content\/uploads\/2020\/03\/5c2d03a12cc62814e1d51d0e_firma-200x101.png 200w, https:\/\/www.tunisiechallenge.com\/wp-content\/uploads\/2020\/03\/5c2d03a12cc62814e1d51d0e_firma-400x201.png 400w, https:\/\/www.tunisiechallenge.com\/wp-content\/uploads\/2020\/03\/5c2d03a12cc62814e1d51d0e_firma-600x302.png 600w, https:\/\/www.tunisiechallenge.com\/wp-content\/uploads\/2020\/03\/5c2d03a12cc62814e1d51d0e_firma-800x402.png 800w, https:\/\/www.tunisiechallenge.com\/wp-content\/uploads\/2020\/03\/5c2d03a12cc62814e1d51d0e_firma.png 863w\" sizes=\"(max-width: 1024px) 100vw, 863px\" \/><\/span><\/div><div class=\"fusion-title title fusion-title-4 fusion-sep-none fusion-title-text fusion-title-size-four\" style=\"--awb-text-color:#000000;--awb-margin-top-small:0px;--awb-margin-right-small:0px;--awb-margin-bottom-small:30px;--awb-margin-left-small:0px;\"><h4 class=\"fusion-title-heading title-heading-left fusion-responsive-typography-calculated\" style=\"font-family:&quot;Maroc SourceSans Pro Regular&quot;;font-style:normal;font-weight:400;margin:0;--fontSize:20;--minFontSize:20;line-height:1.5;\">Rui Caba\u00e7o \u2014 BriefingMan<\/h4><\/div><a class=\"fb-icon-element-1 fb-icon-element fontawesome-icon fa-facebook fab circle-no fusion-text-flow fusion-link\" style=\"--awb-iconcolor:#e62e12;--awb-iconcolor-hover:#e62e12;--awb-circlecolor:#ffd547;--awb-font-size:41px;--awb-margin-right:20.5px;\" href=\"https:\/\/www.facebook.com\/MarocBriefingMan\/\" target=\"_blank\" aria-label=\"Link to https:\/\/www.facebook.com\/MarocBriefingMan\/\" rel=\"noopener noreferrer\"><\/a><div class=\"fusion-clearfix\"><\/div><\/div><\/div><\/div><\/div>\n","protected":false},"excerpt":{"rendered":"","protected":false},"author":5,"featured_media":1015,"parent":0,"menu_order":0,"comment_status":"closed","ping_status":"closed","template":"100-width.php","meta":{"footnotes":""},"class_list":["post-11411","page","type-page","status-publish","has-post-thumbnail","hentry"],"yoast_head":"<!-- This site is optimized with the Yoast SEO plugin v27.4 - https:\/\/yoast.com\/product\/yoast-seo-wordpress\/ -->\n<title>Tunisie Challenge - Conceito<\/title>\n<meta name=\"description\" content=\"Se est\u00e1s a ler isto \u00e9 porque algum dia sonhaste em participar numa grande prova como o Dakar ou a \u00c1frica Race.\" \/>\n<meta name=\"robots\" content=\"index, follow, max-snippet:-1, max-image-preview:large, max-video-preview:-1\" \/>\n<link rel=\"canonical\" href=\"https:\/\/www.tunisiechallenge.com\/pt-pt\/conceito\/\" \/>\n<meta property=\"og:locale\" content=\"pt_PT\" \/>\n<meta property=\"og:type\" content=\"article\" \/>\n<meta property=\"og:title\" content=\"Tunisie Challenge - Conceito\" \/>\n<meta property=\"og:description\" content=\"Se est\u00e1s a ler isto \u00e9 porque algum dia sonhaste em participar numa grande prova como o Dakar ou a \u00c1frica Race.\" \/>\n<meta property=\"og:url\" content=\"https:\/\/www.tunisiechallenge.com\/pt-pt\/conceito\/\" \/>\n<meta property=\"og:site_name\" content=\"Tunisie Challenge\" \/>\n<meta property=\"article:modified_time\" content=\"2023-04-05T11:37:56+00:00\" \/>\n<meta property=\"og:image\" content=\"https:\/\/www.tunisiechallenge.com\/wp-content\/uploads\/2020\/02\/KFOTO-753993.jpg\" \/>\n\t<meta property=\"og:image:width\" content=\"1680\" \/>\n\t<meta property=\"og:image:height\" content=\"945\" \/>\n\t<meta property=\"og:image:type\" content=\"image\/jpeg\" \/>\n<meta name=\"twitter:card\" content=\"summary_large_image\" \/>\n<meta name=\"twitter:description\" content=\"Se est\u00e1s a ler isto \u00e9 porque algum dia sonhaste em participar numa grande prova como o Dakar ou a \u00c1frica Race!\" \/>\n<meta name=\"twitter:label1\" content=\"Tempo estimado de leitura\" \/>\n\t<meta name=\"twitter:data1\" content=\"5 minutos\" \/>\n<script type=\"application\/ld+json\" class=\"yoast-schema-graph\">{\"@context\":\"https:\\\/\\\/schema.org\",\"@graph\":[{\"@type\":\"WebPage\",\"@id\":\"https:\\\/\\\/www.tunisiechallenge.com\\\/pt-pt\\\/conceito\\\/\",\"url\":\"https:\\\/\\\/www.tunisiechallenge.com\\\/pt-pt\\\/conceito\\\/\",\"name\":\"Tunisie Challenge - Conceito\",\"isPartOf\":{\"@id\":\"https:\\\/\\\/www.tunisiechallenge.com\\\/pt-pt\\\/#website\"},\"primaryImageOfPage\":{\"@id\":\"https:\\\/\\\/www.tunisiechallenge.com\\\/pt-pt\\\/conceito\\\/#primaryimage\"},\"image\":{\"@id\":\"https:\\\/\\\/www.tunisiechallenge.com\\\/pt-pt\\\/conceito\\\/#primaryimage\"},\"thumbnailUrl\":\"https:\\\/\\\/www.tunisiechallenge.com\\\/wp-content\\\/uploads\\\/2020\\\/02\\\/KFOTO-753993.jpg\",\"datePublished\":\"2020-02-27T16:58:04+00:00\",\"dateModified\":\"2023-04-05T11:37:56+00:00\",\"description\":\"Se est\u00e1s a ler isto \u00e9 porque algum dia sonhaste em participar numa grande prova como o Dakar ou a \u00c1frica Race.\",\"breadcrumb\":{\"@id\":\"https:\\\/\\\/www.tunisiechallenge.com\\\/pt-pt\\\/conceito\\\/#breadcrumb\"},\"inLanguage\":\"pt-PT\",\"potentialAction\":[{\"@type\":\"ReadAction\",\"target\":[\"https:\\\/\\\/www.tunisiechallenge.com\\\/pt-pt\\\/conceito\\\/\"]}]},{\"@type\":\"ImageObject\",\"inLanguage\":\"pt-PT\",\"@id\":\"https:\\\/\\\/www.tunisiechallenge.com\\\/pt-pt\\\/conceito\\\/#primaryimage\",\"url\":\"https:\\\/\\\/www.tunisiechallenge.com\\\/wp-content\\\/uploads\\\/2020\\\/02\\\/KFOTO-753993.jpg\",\"contentUrl\":\"https:\\\/\\\/www.tunisiechallenge.com\\\/wp-content\\\/uploads\\\/2020\\\/02\\\/KFOTO-753993.jpg\",\"width\":1680,\"height\":945,\"caption\":\"Rui Cabaco BriefingMan de la Maroc Challenge\"},{\"@type\":\"BreadcrumbList\",\"@id\":\"https:\\\/\\\/www.tunisiechallenge.com\\\/pt-pt\\\/conceito\\\/#breadcrumb\",\"itemListElement\":[{\"@type\":\"ListItem\",\"position\":1,\"name\":\"Portada\",\"item\":\"https:\\\/\\\/www.tunisiechallenge.com\\\/pt-pt\\\/\"},{\"@type\":\"ListItem\",\"position\":2,\"name\":\"Conceito\"}]},{\"@type\":\"WebSite\",\"@id\":\"https:\\\/\\\/www.tunisiechallenge.com\\\/pt-pt\\\/#website\",\"url\":\"https:\\\/\\\/www.tunisiechallenge.com\\\/pt-pt\\\/\",\"name\":\"Tunisie Challenge\",\"description\":\"O Dakar dos anos 70 para os aventureiros de hoje\",\"publisher\":{\"@id\":\"https:\\\/\\\/www.tunisiechallenge.com\\\/pt-pt\\\/#organization\"},\"potentialAction\":[{\"@type\":\"SearchAction\",\"target\":{\"@type\":\"EntryPoint\",\"urlTemplate\":\"https:\\\/\\\/www.tunisiechallenge.com\\\/pt-pt\\\/?s={search_term_string}\"},\"query-input\":{\"@type\":\"PropertyValueSpecification\",\"valueRequired\":true,\"valueName\":\"search_term_string\"}}],\"inLanguage\":\"pt-PT\"},{\"@type\":\"Organization\",\"@id\":\"https:\\\/\\\/www.tunisiechallenge.com\\\/pt-pt\\\/#organization\",\"name\":\"TUNISIE CHALLENGE\",\"url\":\"https:\\\/\\\/www.tunisiechallenge.com\\\/pt-pt\\\/\",\"logo\":{\"@type\":\"ImageObject\",\"inLanguage\":\"pt-PT\",\"@id\":\"https:\\\/\\\/www.tunisiechallenge.com\\\/pt-pt\\\/#\\\/schema\\\/logo\\\/image\\\/\",\"url\":\"https:\\\/\\\/www.tunisiechallenge.com\\\/wp-content\\\/uploads\\\/2021\\\/09\\\/Logo-Tunisie_Challenge.png\",\"contentUrl\":\"https:\\\/\\\/www.tunisiechallenge.com\\\/wp-content\\\/uploads\\\/2021\\\/09\\\/Logo-Tunisie_Challenge.png\",\"width\":170,\"height\":96,\"caption\":\"TUNISIE CHALLENGE\"},\"image\":{\"@id\":\"https:\\\/\\\/www.tunisiechallenge.com\\\/pt-pt\\\/#\\\/schema\\\/logo\\\/image\\\/\"}}]}<\/script>\n<!-- \/ Yoast SEO plugin. -->","yoast_head_json":{"title":"Tunisie Challenge - Conceito","description":"Se est\u00e1s a ler isto \u00e9 porque algum dia sonhaste em participar numa grande prova como o Dakar ou a \u00c1frica Race.","robots":{"index":"index","follow":"follow","max-snippet":"max-snippet:-1","max-image-preview":"max-image-preview:large","max-video-preview":"max-video-preview:-1"},"canonical":"https:\/\/www.tunisiechallenge.com\/pt-pt\/conceito\/","og_locale":"pt_PT","og_type":"article","og_title":"Tunisie Challenge - Conceito","og_description":"Se est\u00e1s a ler isto \u00e9 porque algum dia sonhaste em participar numa grande prova como o Dakar ou a \u00c1frica Race.","og_url":"https:\/\/www.tunisiechallenge.com\/pt-pt\/conceito\/","og_site_name":"Tunisie Challenge","article_modified_time":"2023-04-05T11:37:56+00:00","og_image":[{"width":1680,"height":945,"url":"https:\/\/www.tunisiechallenge.com\/wp-content\/uploads\/2020\/02\/KFOTO-753993.jpg","type":"image\/jpeg"}],"twitter_card":"summary_large_image","twitter_description":"Se est\u00e1s a ler isto \u00e9 porque algum dia sonhaste em participar numa grande prova como o Dakar ou a \u00c1frica Race!","twitter_misc":{"Tempo estimado de leitura":"5 minutos"},"schema":{"@context":"https:\/\/schema.org","@graph":[{"@type":"WebPage","@id":"https:\/\/www.tunisiechallenge.com\/pt-pt\/conceito\/","url":"https:\/\/www.tunisiechallenge.com\/pt-pt\/conceito\/","name":"Tunisie Challenge - Conceito","isPartOf":{"@id":"https:\/\/www.tunisiechallenge.com\/pt-pt\/#website"},"primaryImageOfPage":{"@id":"https:\/\/www.tunisiechallenge.com\/pt-pt\/conceito\/#primaryimage"},"image":{"@id":"https:\/\/www.tunisiechallenge.com\/pt-pt\/conceito\/#primaryimage"},"thumbnailUrl":"https:\/\/www.tunisiechallenge.com\/wp-content\/uploads\/2020\/02\/KFOTO-753993.jpg","datePublished":"2020-02-27T16:58:04+00:00","dateModified":"2023-04-05T11:37:56+00:00","description":"Se est\u00e1s a ler isto \u00e9 porque algum dia sonhaste em participar numa grande prova como o Dakar ou a \u00c1frica Race.","breadcrumb":{"@id":"https:\/\/www.tunisiechallenge.com\/pt-pt\/conceito\/#breadcrumb"},"inLanguage":"pt-PT","potentialAction":[{"@type":"ReadAction","target":["https:\/\/www.tunisiechallenge.com\/pt-pt\/conceito\/"]}]},{"@type":"ImageObject","inLanguage":"pt-PT","@id":"https:\/\/www.tunisiechallenge.com\/pt-pt\/conceito\/#primaryimage","url":"https:\/\/www.tunisiechallenge.com\/wp-content\/uploads\/2020\/02\/KFOTO-753993.jpg","contentUrl":"https:\/\/www.tunisiechallenge.com\/wp-content\/uploads\/2020\/02\/KFOTO-753993.jpg","width":1680,"height":945,"caption":"Rui Cabaco BriefingMan de la Maroc Challenge"},{"@type":"BreadcrumbList","@id":"https:\/\/www.tunisiechallenge.com\/pt-pt\/conceito\/#breadcrumb","itemListElement":[{"@type":"ListItem","position":1,"name":"Portada","item":"https:\/\/www.tunisiechallenge.com\/pt-pt\/"},{"@type":"ListItem","position":2,"name":"Conceito"}]},{"@type":"WebSite","@id":"https:\/\/www.tunisiechallenge.com\/pt-pt\/#website","url":"https:\/\/www.tunisiechallenge.com\/pt-pt\/","name":"Tunisie Challenge","description":"O Dakar dos anos 70 para os aventureiros de hoje","publisher":{"@id":"https:\/\/www.tunisiechallenge.com\/pt-pt\/#organization"},"potentialAction":[{"@type":"SearchAction","target":{"@type":"EntryPoint","urlTemplate":"https:\/\/www.tunisiechallenge.com\/pt-pt\/?s={search_term_string}"},"query-input":{"@type":"PropertyValueSpecification","valueRequired":true,"valueName":"search_term_string"}}],"inLanguage":"pt-PT"},{"@type":"Organization","@id":"https:\/\/www.tunisiechallenge.com\/pt-pt\/#organization","name":"TUNISIE CHALLENGE","url":"https:\/\/www.tunisiechallenge.com\/pt-pt\/","logo":{"@type":"ImageObject","inLanguage":"pt-PT","@id":"https:\/\/www.tunisiechallenge.com\/pt-pt\/#\/schema\/logo\/image\/","url":"https:\/\/www.tunisiechallenge.com\/wp-content\/uploads\/2021\/09\/Logo-Tunisie_Challenge.png","contentUrl":"https:\/\/www.tunisiechallenge.com\/wp-content\/uploads\/2021\/09\/Logo-Tunisie_Challenge.png","width":170,"height":96,"caption":"TUNISIE CHALLENGE"},"image":{"@id":"https:\/\/www.tunisiechallenge.com\/pt-pt\/#\/schema\/logo\/image\/"}}]}},"_links":{"self":[{"href":"https:\/\/www.tunisiechallenge.com\/pt-pt\/wp-json\/wp\/v2\/pages\/11411","targetHints":{"allow":["GET"]}}],"collection":[{"href":"https:\/\/www.tunisiechallenge.com\/pt-pt\/wp-json\/wp\/v2\/pages"}],"about":[{"href":"https:\/\/www.tunisiechallenge.com\/pt-pt\/wp-json\/wp\/v2\/types\/page"}],"author":[{"embeddable":true,"href":"https:\/\/www.tunisiechallenge.com\/pt-pt\/wp-json\/wp\/v2\/users\/5"}],"replies":[{"embeddable":true,"href":"https:\/\/www.tunisiechallenge.com\/pt-pt\/wp-json\/wp\/v2\/comments?post=11411"}],"version-history":[{"count":12,"href":"https:\/\/www.tunisiechallenge.com\/pt-pt\/wp-json\/wp\/v2\/pages\/11411\/revisions"}],"predecessor-version":[{"id":20945,"href":"https:\/\/www.tunisiechallenge.com\/pt-pt\/wp-json\/wp\/v2\/pages\/11411\/revisions\/20945"}],"wp:featuredmedia":[{"embeddable":true,"href":"https:\/\/www.tunisiechallenge.com\/pt-pt\/wp-json\/wp\/v2\/media\/1015"}],"wp:attachment":[{"href":"https:\/\/www.tunisiechallenge.com\/pt-pt\/wp-json\/wp\/v2\/media?parent=11411"}],"curies":[{"name":"wp","href":"https:\/\/api.w.org\/{rel}","templated":true}]}}